{"id":935,"date":"2022-02-02T23:46:36","date_gmt":"2022-02-02T22:46:36","guid":{"rendered":"https:\/\/stadtlaborgraz.at\/?page_id=935"},"modified":"2024-01-23T10:38:23","modified_gmt":"2024-01-23T09:38:23","slug":"hans-schnitzer","status":"publish","type":"page","link":"https:\/\/stadtlaborgraz.at\/de\/hans-schnitzer\/","title":{"rendered":"PERSON: Hans Schnitzer"},"content":{"rendered":"\n<div id=\"wp-block-themeisle-blocks-advanced-columns-63e191e0\" class=\"wp-block-themeisle-blocks-advanced-columns alignwide has-2-columns has-desktop-oneTwo-layout has-tablet-equal-layout has-mobile-equal-layout has-vertical-unset has-default-gap\"><div class=\"wp-block-themeisle-blocks-advanced-columns-overlay\"><\/div><div class=\"innerblocks-wrap\">\n<div id=\"wp-block-themeisle-blocks-advanced-column-a8a1dc81\" class=\"wp-block-themeisle-blocks-advanced-column\"><div class=\"wp-block-image is-resized\">\n<figure class=\"alignright size-medium\"><img decoding=\"async\" src=\"https:\/\/stadtlaborgraz.at\/wp-content\/uploads\/2022\/09\/Hans-Schnitzer-Icon-400x400.png\" alt=\"\" class=\"wp-image-2884\" style=\"object-fit:cover;width:200px;height:200px\"\/><\/figure>\n<\/div><\/div>\n\n\n\n<div id=\"wp-block-themeisle-blocks-advanced-column-c18f1063\" class=\"wp-block-themeisle-blocks-advanced-column\">\n<h2 class=\"wp-block-heading\">Hans Schnitzer<\/h2>\n\n\n\n<p>Partner<\/p>\n\n\n\n<p>Hans ist unser Technik-Genie. Als gelernter Verfahrenstechniker und langj\u00e4hriger Professor an der TU Graz liebt er es, sein Wissen \u00fcber Prozesse und Systeme aller Art zu teilen. Seine Leidenschaft f\u00fcr das Basteln und Do-it-yourself kann schon mal dazu f\u00fchren, dass wir bei Teamklausuren mannshohe <a href=\"https:\/\/en.wikipedia.org\/wiki\/Tensegrity\">Tensegrity<\/a> zusammenbauen d\u00fcrfen. Hans versteht es, uns mit den richtigen Fragen immer wieder zu innovativen L\u00f6sungen anzuspornen und uns durchaus auch zu fordern. Bei allem was er tut, kommen der Spa\u00df und die Freude aber nie zu kurz.<\/p>\n\n\n\n<p>Als stolzer Opa genie\u00dft Hans seine Pension, bleibt f\u00fcr uns aber immer noch ein wichtiger Bestandteil des Teams und mischt hier und da noch mit.<br><br><\/p>\n<\/div>\n<\/div><\/div>\n","protected":false},"excerpt":{"rendered":"","protected":false},"author":1,"featured_media":0,"parent":0,"menu_order":0,"comment_status":"closed","ping_status":"closed","template":"","meta":{"neve_meta_sidebar":"","neve_meta_container":"","neve_meta_enable_content_width":"","neve_meta_content_width":0,"neve_meta_title_alignment":"","neve_meta_author_avatar":"","neve_post_elements_order":"","neve_meta_disable_header":"","neve_meta_disable_footer":"","neve_meta_disable_title":"on","_themeisle_gutenberg_block_has_review":false,"footnotes":""},"class_list":["post-935","page","type-page","status-publish","hentry"],"_links":{"self":[{"href":"https:\/\/stadtlaborgraz.at\/de\/wp-json\/wp\/v2\/pages\/935","targetHints":{"allow":["GET"]}}],"collection":[{"href":"https:\/\/stadtlaborgraz.at\/de\/wp-json\/wp\/v2\/pages"}],"about":[{"href":"https:\/\/stadtlaborgraz.at\/de\/wp-json\/wp\/v2\/types\/page"}],"author":[{"embeddable":true,"href":"https:\/\/stadtlaborgraz.at\/de\/wp-json\/wp\/v2\/users\/1"}],"replies":[{"embeddable":true,"href":"https:\/\/stadtlaborgraz.at\/de\/wp-json\/wp\/v2\/comments?post=935"}],"version-history":[{"count":6,"href":"https:\/\/stadtlaborgraz.at\/de\/wp-json\/wp\/v2\/pages\/935\/revisions"}],"predecessor-version":[{"id":4231,"href":"https:\/\/stadtlaborgraz.at\/de\/wp-json\/wp\/v2\/pages\/935\/revisions\/4231"}],"wp:attachment":[{"href":"https:\/\/stadtlaborgraz.at\/de\/wp-json\/wp\/v2\/media?parent=935"}],"curies":[{"name":"wp","href":"https:\/\/api.w.org\/{rel}","templated":true}]}}