{"id":900,"date":"2022-02-02T22:46:50","date_gmt":"2022-02-02T21:46:50","guid":{"rendered":"https:\/\/stadtlaborgraz.at\/?page_id=900"},"modified":"2022-02-07T18:03:11","modified_gmt":"2022-02-07T17:03:11","slug":"barbara-hammerl","status":"publish","type":"page","link":"https:\/\/stadtlaborgraz.at\/de\/barbara-hammerl\/","title":{"rendered":"PERSON: Barbara Hammerl"},"content":{"rendered":"\n<div id=\"wp-block-themeisle-blocks-advanced-columns-63e191e0\" class=\"wp-block-themeisle-blocks-advanced-columns alignwide has-2-columns has-desktop-oneTwo-layout has-tablet-equal-layout has-mobile-equal-layout has-vertical-unset has-default-gap\"><div class=\"wp-block-themeisle-blocks-advanced-columns-overlay\"><\/div><div class=\"innerblocks-wrap\">\n<div id=\"wp-block-themeisle-blocks-advanced-column-a8a1dc81\" class=\"wp-block-themeisle-blocks-advanced-column\"><div class=\"wp-block-image\">\n<figure class=\"alignright size-full is-resized\"><img loading=\"lazy\" decoding=\"async\" src=\"https:\/\/stadtlaborgraz.at\/wp-content\/uploads\/2022\/09\/Barbara-Hammerl-Icon.png\" alt=\"\" class=\"wp-image-2880\" width=\"200\" height=\"200\" srcset=\"https:\/\/stadtlaborgraz.at\/wp-content\/uploads\/2022\/09\/Barbara-Hammerl-Icon.png 400w, https:\/\/stadtlaborgraz.at\/wp-content\/uploads\/2022\/09\/Barbara-Hammerl-Icon-200x200.png 200w, https:\/\/stadtlaborgraz.at\/wp-content\/uploads\/2022\/09\/Barbara-Hammerl-Icon-12x12.png 12w\" sizes=\"auto, (max-width: 200px) 100vw, 200px\" \/><\/figure>\n<\/div><\/div>\n\n\n\n<div id=\"wp-block-themeisle-blocks-advanced-column-c18f1063\" class=\"wp-block-themeisle-blocks-advanced-column\">\n<h2 class=\"wp-block-heading\"><strong>Barbara Hammerl<\/strong><\/h2>\n\n\n\n<p><strong>Gesch\u00e4ftsf\u00fchrerin, Partnerin<\/strong><\/p>\n\n\n\n<p>T: <a href=\"tel:+436764068815\">+43 676 406 88 15<\/a><br>E: <a href=\"mailto:barbara.hammerl@stadtlaborgraz.at\">barbara.hammerl@stadtlaborgraz.at<\/a><\/p>\n\n\n\n<p>Barbara leitet von Beginn an die Geschicke des StadtLABORs. Als H\u00fcterin der Finanzen und Projekte beh\u00e4lt sie stets den \u00dcberblick \u00fcber alle Firmenbelange. Wie sie das macht? Sie vereinigt das Wissen aus ihrem Studium der Umweltsystemwissenschaften und Betriebswirtschaft mit dem ihrer Ausbildung als Mediatorin zu innovativen Projekten und ganzheitlichen L\u00f6sungsans\u00e4tzen f\u00fcr die St\u00e4dte der Zukunft. Nebenher gibt sie ihr Wissen und ihre jahrelange Erfahrung mit Beteiligungsprozessen noch bei diversen Lehrt\u00e4tigkeiten in ganz \u00d6sterreich weiter.<br>Ihre sportliche Lebensweise \u00fcbertr\u00e4gt sie gerne in den Job. Aber trotzdem lebt sie mit einem Ruhepuls, den viele von uns nicht mal im Schlaf erreichen. Diese innere Ruhe und Ausgeglichenheit zeichnen Barbara und ihren F\u00fchrungsstil aus.<\/p>\n<\/div>\n<\/div><\/div>\n","protected":false},"excerpt":{"rendered":"","protected":false},"author":1,"featured_media":0,"parent":0,"menu_order":0,"comment_status":"closed","ping_status":"closed","template":"","meta":{"neve_meta_sidebar":"","neve_meta_container":"","neve_meta_enable_content_width":"","neve_meta_content_width":0,"neve_meta_title_alignment":"","neve_meta_author_avatar":"","neve_post_elements_order":"","neve_meta_disable_header":"","neve_meta_disable_footer":"","neve_meta_disable_title":"on","_themeisle_gutenberg_block_has_review":false,"footnotes":""},"class_list":["post-900","page","type-page","status-publish","hentry"],"_links":{"self":[{"href":"https:\/\/stadtlaborgraz.at\/de\/wp-json\/wp\/v2\/pages\/900","targetHints":{"allow":["GET"]}}],"collection":[{"href":"https:\/\/stadtlaborgraz.at\/de\/wp-json\/wp\/v2\/pages"}],"about":[{"href":"https:\/\/stadtlaborgraz.at\/de\/wp-json\/wp\/v2\/types\/page"}],"author":[{"embeddable":true,"href":"https:\/\/stadtlaborgraz.at\/de\/wp-json\/wp\/v2\/users\/1"}],"replies":[{"embeddable":true,"href":"https:\/\/stadtlaborgraz.at\/de\/wp-json\/wp\/v2\/comments?post=900"}],"version-history":[{"count":3,"href":"https:\/\/stadtlaborgraz.at\/de\/wp-json\/wp\/v2\/pages\/900\/revisions"}],"predecessor-version":[{"id":1027,"href":"https:\/\/stadtlaborgraz.at\/de\/wp-json\/wp\/v2\/pages\/900\/revisions\/1027"}],"wp:attachment":[{"href":"https:\/\/stadtlaborgraz.at\/de\/wp-json\/wp\/v2\/media?parent=900"}],"curies":[{"name":"wp","href":"https:\/\/api.w.org\/{rel}","templated":true}]}}