{"id":845,"date":"2022-02-02T21:14:22","date_gmt":"2022-02-02T20:14:22","guid":{"rendered":"https:\/\/stadtlaborgraz.at\/?page_id=845"},"modified":"2022-05-18T16:40:55","modified_gmt":"2022-05-18T14:40:55","slug":"lebenswerte-stadtteile-und-quartiere","status":"publish","type":"page","link":"https:\/\/stadtlaborgraz.at\/de\/lebenswerte-stadtteile-und-quartiere\/","title":{"rendered":"Lebenswerte Stadtteile und Quartiere"},"content":{"rendered":"\n<div class=\"wp-block-cover is-light\" style=\"min-height:20em;aspect-ratio:unset;\"><span aria-hidden=\"true\" class=\"wp-block-cover__gradient-background has-background-dim\"><\/span><img loading=\"lazy\" decoding=\"async\" width=\"797\" height=\"300\" class=\"wp-block-cover__image-background wp-image-1153\" alt=\"\" src=\"https:\/\/stadtlaborgraz.at\/wp-content\/uploads\/2022\/02\/Lebenswert_quer.png\" data-object-fit=\"cover\" srcset=\"https:\/\/stadtlaborgraz.at\/wp-content\/uploads\/2022\/02\/Lebenswert_quer.png 797w, https:\/\/stadtlaborgraz.at\/wp-content\/uploads\/2022\/02\/Lebenswert_quer-400x151.png 400w, https:\/\/stadtlaborgraz.at\/wp-content\/uploads\/2022\/02\/Lebenswert_quer-768x289.png 768w, https:\/\/stadtlaborgraz.at\/wp-content\/uploads\/2022\/02\/Lebenswert_quer-18x7.png 18w\" sizes=\"auto, (max-width: 797px) 100vw, 797px\" \/><div class=\"wp-block-cover__inner-container is-layout-flow wp-block-cover-is-layout-flow\">\n<h1 class=\"has-text-align-center has-nv-site-bg-color has-text-color wp-block-heading\" id=\"lebenswerte-stadtteile-und-quartiere\">Lebenswerte Stadtteile und Quartiere<\/h1>\n<\/div><\/div>\n\n\n\n<div style=\"height:80px\" aria-hidden=\"true\" class=\"wp-block-spacer\"><\/div>\n\n\n\n<p class=\"has-text-align-center has-medium-font-size\"><strong>Wir unterst\u00fctzen ein gutes Zusammenleben in Nachbarschaften und eine werthaltige Nutzung von Immobilien.<\/strong><\/p>\n\n\n\n<p><strong>Unsere Leistungen:<\/strong><\/p>\n\n\n\n<ul class=\"wp-block-list\"><li>Aufbau und Betrieb von\u00a0Stadtteil- und Quartiersmanagements\u00a0sowie Nachbarschaftsb\u00fcros<\/li><li>Betreuung von Treffpunkten, um Menschen und Ideen miteinander zu vernetzen<\/li><li>tempor\u00e4re Einzugsbegleitung<\/li><li>Koordination der Zwischennutzung von R\u00e4umen und Fl\u00e4chen (Erdgeschosszonen)<\/li><li>Unterst\u00fctzung der operativen Umsetzung von Mobilit\u00e4tsvertr\u00e4gen. <br>Mobilit\u00e4tsberatung, Dialogmarketing, Dokumentation der Ma\u00dfnahmen.<\/li><li>klimaaktiv-Quartiersstandard (Deklarationsstufe Fertigstellung).<br>Begleitung der Umsetzung, Nachweisf\u00fchrung\/Dokumentation und Auszeichnung<\/li><\/ul>\n\n\n\n<blockquote class=\"wp-block-quote is-layout-flow wp-block-quote-is-layout-flow\" style=\"font-style:italic;font-weight:500\"><p><mark style=\"background-color:rgba(0, 0, 0, 0)\" class=\"has-inline-color has-nv-c-1-color\">&#8222;Gute Nachbarschaft ist Lebensqualit\u00e4t.&#8220;<\/mark><\/p><\/blockquote>\n\n\n\n<div class=\"wp-block-image\"><figure class=\"alignright size-full is-resized\"><img loading=\"lazy\" decoding=\"async\" src=\"https:\/\/stadtlaborgraz.at\/wp-content\/uploads\/2022\/04\/Icon-Auge.png\" alt=\"\" class=\"wp-image-1929\" width=\"115\" height=\"196\" srcset=\"https:\/\/stadtlaborgraz.at\/wp-content\/uploads\/2022\/04\/Icon-Auge.png 458w, https:\/\/stadtlaborgraz.at\/wp-content\/uploads\/2022\/04\/Icon-Auge-234x400.png 234w, https:\/\/stadtlaborgraz.at\/wp-content\/uploads\/2022\/04\/Icon-Auge-7x12.png 7w\" sizes=\"auto, (max-width: 115px) 100vw, 115px\" \/><\/figure><\/div>\n","protected":false},"excerpt":{"rendered":"<p>Wir unterst\u00fctzen ein gutes Zusammenleben in Nachbarschaften und eine werthaltige Nutzung von Immobilien. Unsere Leistungen: Aufbau und Betrieb von\u00a0Stadtteil- und Quartiersmanagements\u00a0sowie Nachbarschaftsb\u00fcros Betreuung von Treffpunkten, um Menschen und Ideen miteinander zu vernetzen tempor\u00e4re Einzugsbegleitung Koordination der Zwischennutzung von R\u00e4umen und Fl\u00e4chen (Erdgeschosszonen) Unterst\u00fctzung der operativen Umsetzung von Mobilit\u00e4tsvertr\u00e4gen. Mobilit\u00e4tsberatung, Dialogmarketing, Dokumentation der Ma\u00dfnahmen. klimaaktiv-Quartiersstandard (Deklarationsstufe&hellip;&nbsp;<a href=\"https:\/\/stadtlaborgraz.at\/de\/lebenswerte-stadtteile-und-quartiere\/\" rel=\"bookmark\">Weiterlesen &raquo;<span class=\"screen-reader-text\">Lebenswerte Stadtteile und Quartiere<\/span><\/a><\/p>\n","protected":false},"author":1,"featured_media":0,"parent":0,"menu_order":0,"comment_status":"closed","ping_status":"closed","template":"","meta":{"neve_meta_sidebar":"","neve_meta_container":"","neve_meta_enable_content_width":"","neve_meta_content_width":0,"neve_meta_title_alignment":"","neve_meta_author_avatar":"","neve_post_elements_order":"","neve_meta_disable_header":"","neve_meta_disable_footer":"","neve_meta_disable_title":"on","_themeisle_gutenberg_block_has_review":false,"footnotes":""},"class_list":["post-845","page","type-page","status-publish","hentry"],"_links":{"self":[{"href":"https:\/\/stadtlaborgraz.at\/de\/wp-json\/wp\/v2\/pages\/845","targetHints":{"allow":["GET"]}}],"collection":[{"href":"https:\/\/stadtlaborgraz.at\/de\/wp-json\/wp\/v2\/pages"}],"about":[{"href":"https:\/\/stadtlaborgraz.at\/de\/wp-json\/wp\/v2\/types\/page"}],"author":[{"embeddable":true,"href":"https:\/\/stadtlaborgraz.at\/de\/wp-json\/wp\/v2\/users\/1"}],"replies":[{"embeddable":true,"href":"https:\/\/stadtlaborgraz.at\/de\/wp-json\/wp\/v2\/comments?post=845"}],"version-history":[{"count":12,"href":"https:\/\/stadtlaborgraz.at\/de\/wp-json\/wp\/v2\/pages\/845\/revisions"}],"predecessor-version":[{"id":3711,"href":"https:\/\/stadtlaborgraz.at\/de\/wp-json\/wp\/v2\/pages\/845\/revisions\/3711"}],"wp:attachment":[{"href":"https:\/\/stadtlaborgraz.at\/de\/wp-json\/wp\/v2\/media?parent=845"}],"curies":[{"name":"wp","href":"https:\/\/api.w.org\/{rel}","templated":true}]}}