{"id":645,"date":"2022-01-27T14:49:27","date_gmt":"2022-01-27T13:49:27","guid":{"rendered":"https:\/\/stadtlaborgraz.at\/?page_id=645"},"modified":"2025-02-25T13:16:09","modified_gmt":"2025-02-25T12:16:09","slug":"impressum","status":"publish","type":"page","link":"https:\/\/stadtlaborgraz.at\/de\/impressum\/","title":{"rendered":"Impressum"},"content":{"rendered":"\n<div class=\"wp-block-cover alignfull has-parallax\" style=\"min-height:20em;aspect-ratio:unset;\"><span aria-hidden=\"true\" class=\"wp-block-cover__background has-neve-text-color-background-color has-background-dim-70 has-background-dim\"><\/span><div class=\"wp-block-cover__image-background wp-image-1102 has-parallax\" style=\"background-position:50% 50%;background-image:url(https:\/\/stadtlaborgraz.at\/wp-content\/uploads\/2022\/02\/StadtLABOR_Logo.png)\"><\/div><div class=\"wp-block-cover__inner-container is-layout-flow wp-block-cover-is-layout-flow\">\n<div style=\"height:80px\" aria-hidden=\"true\" class=\"wp-block-spacer\"><\/div>\n\n\n\n<h1 class=\"wp-block-heading has-text-align-center has-nv-site-bg-color has-text-color\" id=\"impressum\">Impressum<\/h1>\n\n\n\n<div style=\"height:80px\" aria-hidden=\"true\" class=\"wp-block-spacer\"><\/div>\n<\/div><\/div>\n\n\n\n<div style=\"height:80px\" aria-hidden=\"true\" class=\"wp-block-spacer\"><\/div>\n\n\n\n<p>Impressum und Offenlegung gem\u00e4\u00df \u00a7 25 Mediengesetz:<\/p>\n\n\n\n<h2 class=\"wp-block-heading\" id=\"stadtlabor-innovationen-fur-urbane-lebensqualitat-gmbh\"><strong>StadtLABOR &#8211; Innovationen f\u00fcr urbane Lebensqualit\u00e4t GmbH<\/strong><\/h2>\n\n\n\n<div id=\"wp-block-themeisle-blocks-advanced-columns-c6bb30d9\" class=\"wp-block-themeisle-blocks-advanced-columns has-2-columns has-desktop-equal-layout has-tablet-equal-layout has-mobile-equal-layout has-vertical-unset\"><div class=\"wp-block-themeisle-blocks-advanced-columns-overlay\"><\/div><div class=\"innerblocks-wrap\">\n<div id=\"wp-block-themeisle-blocks-advanced-column-f7580f28\" class=\"wp-block-themeisle-blocks-advanced-column\">\n<p><address>Adolf-Kolping-Gasse 2<br>8010 Graz<br>\u00d6sterreich<\/address><\/p>\n\n\n\n<p>T: <a href=\"tel:+43316228946\">+43 316 22 89 46<\/a><br>E:&nbsp;<a href=\"mailto:office@stadtlaborgraz.at\">office@stadtlaborgraz.at<\/a><br>W: <a href=\"http:\/\/www.stadtlaborgraz.at\/\">www.stadtlaborgraz.at<\/a><\/p>\n\n\n\n<p>Gesch\u00e4ftsf\u00fchrung: Mag.<sup>a <\/sup>Barbara Hammerl, CSE<br>Unternehmensgegenstand:\u00a0Innovations- und Transformationsprozesse f\u00fcr nachhaltige St\u00e4dte und Gemeinden<br>Firmenbuchnummer:\u00a0483784y \u00a0<br>Firmenbuchgericht: Landesgericht f\u00fcr Zivilrechtssachen Graz<br>UID-Nr.:\u00a072950407<br>Mitglied der WKO<\/p>\n\n\n\n<p>Konzept &amp; Design:&nbsp;<a rel=\"noreferrer noopener\" href=\"https:\/\/www.engarde.net\/\" target=\"_blank\">EN GARDE<\/a>, Graz<br>Hosting &amp; Umsetzung:&nbsp;<a rel=\"noreferrer noopener\" href=\"https:\/\/graz4u.at\/\" target=\"_blank\">graz4u<\/a>, Graz<br>Portrait- und Teamfotos: Rene B\u00f6hmer, Blendpunkt<br><\/p>\n<\/div>\n\n\n\n<div id=\"wp-block-themeisle-blocks-advanced-column-99298776\" class=\"wp-block-themeisle-blocks-advanced-column\"><div style=\"height:450px;\" class=\"animated fadeIn wp-block-themeisle-blocks-leaflet-map\" id=\"wp-block-themeisle-blocks-leaflet-map-10d8c1ab\"><\/div>\n<script type=\"text\/javascript\">\n\t\/* <![CDATA[ *\/\n\t\tif ( ! window.themeisleLeafletMaps ) window.themeisleLeafletMaps =[];\n\t\twindow.themeisleLeafletMaps.push( { container: \"wp-block-themeisle-blocks-leaflet-map-10d8c1ab\", attributes: {\"id\":\"wp-block-themeisle-blocks-leaflet-map-10d8c1ab\",\"location\":\"Griesgasse 40, Graz\",\"latitude\":\"47.063515488657984\",\"longitude\":\"15.44331729412079\",\"bbox\":\"15.440286397933962,47.06187108550363,15.446348190307619,47.06515984109109\",\"zoom\":17,\"height\":450,\"markers\":[{\"id\":\"cdaeb02a-429e-42ed-b98d-c3c916456a4a\",\"latitude\":47.06310621972502,\"longitude\":15.442925691604616,\"title\":\"Add a title\",\"description\":\"\"}],\"className\":\"animated fadeIn\",\"hasCustomCSS\":true,\"zoomControl\":true,\"draggable\":true,\"customCSS\":\"\",\"TrpContentRestriction\":{\"restriction_type\":\"exclude\",\"selected_languages\":[],\"panel_open\":true},\"otterConditions\":[]} } );\n\t\/* ]]> *\/\n<\/script>\n<\/div>\n<\/div><\/div>\n\n\n\n<p>Direkt Link zur <a href=\"https:\/\/stadtlaborgraz.at\/datenschutzerklaerung\/\" data-type=\"page\" data-id=\"3\">Datenschutzerkl\u00e4rung<\/a><\/p>\n","protected":false},"excerpt":{"rendered":"<p>Impressum und Offenlegung gem\u00e4\u00df \u00a7 25 Mediengesetz: StadtLABOR &#8211; Innovationen f\u00fcr urbane Lebensqualit\u00e4t GmbH Direkt Link zur Datenschutzerkl\u00e4rung<\/p>\n","protected":false},"author":1,"featured_media":0,"parent":0,"menu_order":0,"comment_status":"closed","ping_status":"closed","template":"","meta":{"neve_meta_sidebar":"","neve_meta_container":"","neve_meta_enable_content_width":"","neve_meta_content_width":0,"neve_meta_title_alignment":"","neve_meta_author_avatar":"","neve_post_elements_order":"","neve_meta_disable_header":"","neve_meta_disable_footer":"","neve_meta_disable_title":"on","_themeisle_gutenberg_block_has_review":false,"footnotes":""},"class_list":["post-645","page","type-page","status-publish","hentry"],"_links":{"self":[{"href":"https:\/\/stadtlaborgraz.at\/de\/wp-json\/wp\/v2\/pages\/645","targetHints":{"allow":["GET"]}}],"collection":[{"href":"https:\/\/stadtlaborgraz.at\/de\/wp-json\/wp\/v2\/pages"}],"about":[{"href":"https:\/\/stadtlaborgraz.at\/de\/wp-json\/wp\/v2\/types\/page"}],"author":[{"embeddable":true,"href":"https:\/\/stadtlaborgraz.at\/de\/wp-json\/wp\/v2\/users\/1"}],"replies":[{"embeddable":true,"href":"https:\/\/stadtlaborgraz.at\/de\/wp-json\/wp\/v2\/comments?post=645"}],"version-history":[{"count":31,"href":"https:\/\/stadtlaborgraz.at\/de\/wp-json\/wp\/v2\/pages\/645\/revisions"}],"predecessor-version":[{"id":5130,"href":"https:\/\/stadtlaborgraz.at\/de\/wp-json\/wp\/v2\/pages\/645\/revisions\/5130"}],"wp:attachment":[{"href":"https:\/\/stadtlaborgraz.at\/de\/wp-json\/wp\/v2\/media?parent=645"}],"curies":[{"name":"wp","href":"https:\/\/api.w.org\/{rel}","templated":true}]}}