{"id":497,"date":"2022-01-15T19:00:06","date_gmt":"2022-01-15T18:00:06","guid":{"rendered":"https:\/\/stadtlaborgraz.at\/?page_id=497"},"modified":"2022-05-18T16:41:36","modified_gmt":"2022-05-18T14:41:36","slug":"bewusstseinsbildung-lernen-und-wissenstransfer","status":"publish","type":"page","link":"https:\/\/stadtlaborgraz.at\/de\/bewusstseinsbildung-lernen-und-wissenstransfer\/","title":{"rendered":"Bewusstseinsbildung, Lernen und Wissenstransfer"},"content":{"rendered":"\n<div class=\"wp-block-cover\" style=\"min-height:20em;aspect-ratio:unset;\"><span aria-hidden=\"true\" class=\"has-neve-text-color-background-color has-background-dim-60 wp-block-cover__gradient-background has-background-dim\"><\/span><img loading=\"lazy\" decoding=\"async\" width=\"796\" height=\"300\" class=\"wp-block-cover__image-background wp-image-1155\" alt=\"\" src=\"https:\/\/stadtlaborgraz.at\/wp-content\/uploads\/2022\/02\/Wissenstransfer_quer.png\" data-object-fit=\"cover\" srcset=\"https:\/\/stadtlaborgraz.at\/wp-content\/uploads\/2022\/02\/Wissenstransfer_quer.png 796w, https:\/\/stadtlaborgraz.at\/wp-content\/uploads\/2022\/02\/Wissenstransfer_quer-400x151.png 400w, https:\/\/stadtlaborgraz.at\/wp-content\/uploads\/2022\/02\/Wissenstransfer_quer-768x289.png 768w, https:\/\/stadtlaborgraz.at\/wp-content\/uploads\/2022\/02\/Wissenstransfer_quer-18x7.png 18w\" sizes=\"auto, (max-width: 796px) 100vw, 796px\" \/><div class=\"wp-block-cover__inner-container is-layout-flow wp-block-cover-is-layout-flow\">\n<h1 class=\"has-text-align-center has-nv-site-bg-color has-text-color wp-block-heading\" id=\"bewusstseinsbildung-lernen-und-wissenstransfer\">Bewusstseinsbildung, Lernen und Wissenstransfer<\/h1>\n<\/div><\/div>\n\n\n\n<div style=\"height:80px\" aria-hidden=\"true\" class=\"wp-block-spacer\"><\/div>\n\n\n\n<p class=\"has-text-align-center has-medium-font-size\"><strong>Bewusstseinsbildung, Lernen und Wissenstransfer sind wesentliche Bausteine, um die Zukunftsf\u00e4higkeit und Entwicklungsm\u00f6glichkeiten einer Stadt in einem dynamischen Umfeld sicherzustellen. Wir unterst\u00fctzen gemeinsame Lernprozesse und vermitteln faktenbasiertes Wissen zur nachhaltigen, klimaresilienten und lebenswerten Stadt der Zukunft.<\/strong><\/p>\n\n\n\n<p><strong>Unsere Leistungen:<\/strong><\/p>\n\n\n\n<ul class=\"wp-block-list\"><li>Formate und Events zum Wissenstransfer, Workshops, Konferenzen, Study Tours<\/li><li>Entwicklung von Qualifizierungsprogrammen f\u00fcr urbane Akteure<\/li><\/ul>\n\n\n\n<blockquote class=\"wp-block-quote is-layout-flow wp-block-quote-is-layout-flow\" style=\"font-style:italic;font-weight:500\"><p><mark style=\"background-color:rgba(0, 0, 0, 0)\" class=\"has-inline-color has-nv-c-1-color\">&#8222;<em>Voneinander lernen<\/em>.&#8220;<\/mark><\/p><\/blockquote>\n\n\n\n<div class=\"wp-block-image\"><figure class=\"alignright size-full is-resized\"><img loading=\"lazy\" decoding=\"async\" src=\"https:\/\/stadtlaborgraz.at\/wp-content\/uploads\/2022\/04\/Icon-Pfeil.png\" alt=\"\" class=\"wp-image-1920\" width=\"168\" height=\"113\" srcset=\"https:\/\/stadtlaborgraz.at\/wp-content\/uploads\/2022\/04\/Icon-Pfeil.png 671w, https:\/\/stadtlaborgraz.at\/wp-content\/uploads\/2022\/04\/Icon-Pfeil-400x270.png 400w, https:\/\/stadtlaborgraz.at\/wp-content\/uploads\/2022\/04\/Icon-Pfeil-18x12.png 18w\" sizes=\"auto, (max-width: 168px) 100vw, 168px\" \/><\/figure><\/div>\n","protected":false},"excerpt":{"rendered":"<p>Bewusstseinsbildung, Lernen und Wissenstransfer sind wesentliche Bausteine, um die Zukunftsf\u00e4higkeit und Entwicklungsm\u00f6glichkeiten einer Stadt in einem dynamischen Umfeld sicherzustellen. Wir unterst\u00fctzen gemeinsame Lernprozesse und vermitteln faktenbasiertes Wissen zur nachhaltigen, klimaresilienten und lebenswerten Stadt der Zukunft. Unsere Leistungen: Formate und Events zum Wissenstransfer, Workshops, Konferenzen, Study Tours Entwicklung von Qualifizierungsprogrammen f\u00fcr urbane Akteure &#8222;Voneinander lernen.&#8220;<\/p>\n","protected":false},"author":1,"featured_media":0,"parent":0,"menu_order":0,"comment_status":"closed","ping_status":"closed","template":"","meta":{"neve_meta_sidebar":"","neve_meta_container":"","neve_meta_enable_content_width":"","neve_meta_content_width":0,"neve_meta_title_alignment":"","neve_meta_author_avatar":"","neve_post_elements_order":"","neve_meta_disable_header":"","neve_meta_disable_footer":"","neve_meta_disable_title":"on","_themeisle_gutenberg_block_has_review":false,"footnotes":""},"class_list":["post-497","page","type-page","status-publish","hentry"],"_links":{"self":[{"href":"https:\/\/stadtlaborgraz.at\/de\/wp-json\/wp\/v2\/pages\/497","targetHints":{"allow":["GET"]}}],"collection":[{"href":"https:\/\/stadtlaborgraz.at\/de\/wp-json\/wp\/v2\/pages"}],"about":[{"href":"https:\/\/stadtlaborgraz.at\/de\/wp-json\/wp\/v2\/types\/page"}],"author":[{"embeddable":true,"href":"https:\/\/stadtlaborgraz.at\/de\/wp-json\/wp\/v2\/users\/1"}],"replies":[{"embeddable":true,"href":"https:\/\/stadtlaborgraz.at\/de\/wp-json\/wp\/v2\/comments?post=497"}],"version-history":[{"count":14,"href":"https:\/\/stadtlaborgraz.at\/de\/wp-json\/wp\/v2\/pages\/497\/revisions"}],"predecessor-version":[{"id":2596,"href":"https:\/\/stadtlaborgraz.at\/de\/wp-json\/wp\/v2\/pages\/497\/revisions\/2596"}],"wp:attachment":[{"href":"https:\/\/stadtlaborgraz.at\/de\/wp-json\/wp\/v2\/media?parent=497"}],"curies":[{"name":"wp","href":"https:\/\/api.w.org\/{rel}","templated":true}]}}