{"id":495,"date":"2022-01-15T18:59:37","date_gmt":"2022-01-15T17:59:37","guid":{"rendered":"https:\/\/stadtlaborgraz.at\/?page_id=495"},"modified":"2022-05-31T13:39:00","modified_gmt":"2022-05-31T11:39:00","slug":"forderantragsmanagement","status":"publish","type":"page","link":"https:\/\/stadtlaborgraz.at\/de\/forderantragsmanagement\/","title":{"rendered":"F\u00f6rderantragsmanagement"},"content":{"rendered":"\n<div class=\"wp-block-cover\" style=\"min-height:20em;aspect-ratio:unset;\"><span aria-hidden=\"true\" class=\"wp-block-cover__background has-neve-text-color-background-color has-background-dim-60 has-background-dim\"><\/span><img loading=\"lazy\" decoding=\"async\" width=\"796\" height=\"300\" class=\"wp-block-cover__image-background wp-image-1155\" alt=\"\" src=\"https:\/\/stadtlaborgraz.at\/wp-content\/uploads\/2022\/02\/Wissenstransfer_quer.png\" data-object-fit=\"cover\" srcset=\"https:\/\/stadtlaborgraz.at\/wp-content\/uploads\/2022\/02\/Wissenstransfer_quer.png 796w, https:\/\/stadtlaborgraz.at\/wp-content\/uploads\/2022\/02\/Wissenstransfer_quer-400x151.png 400w, https:\/\/stadtlaborgraz.at\/wp-content\/uploads\/2022\/02\/Wissenstransfer_quer-768x289.png 768w, https:\/\/stadtlaborgraz.at\/wp-content\/uploads\/2022\/02\/Wissenstransfer_quer-18x7.png 18w\" sizes=\"auto, (max-width: 796px) 100vw, 796px\" \/><div class=\"wp-block-cover__inner-container is-layout-flow wp-block-cover-is-layout-flow\">\n<h1 class=\"has-text-align-center has-nv-site-bg-color has-text-color wp-block-heading\" id=\"forderantragsmanagement\">F\u00f6rderantragsmanagement<\/h1>\n<\/div><\/div>\n\n\n\n<div style=\"height:80px\" aria-hidden=\"true\" class=\"wp-block-spacer\"><\/div>\n\n\n\n<p class=\"has-text-align-center has-medium-font-size\"><strong>Wir bringen Ideen zur Umsetzung und unterst\u00fctzen mit unserem Knowhow im F\u00f6rderwesen.<\/strong><\/p>\n\n\n\n<p><strong>Unsere Leistungen:<\/strong><\/p>\n\n\n\n<ul class=\"wp-block-list\"><li>Ideengenerierung und Projektkonzeption<\/li><li>Vermittlung von\/ Vernetzung mit Kooperationspartner:innen aus Wissenschaft, Wirtschaft und \u00f6ffentlicher Hand<\/li><li>Screening und Auswahl geeigneter (Forschungs-) F\u00f6rderprogramme<\/li><li>Gesamtkoordination und Verfassen von F\u00f6rderprojektantr\u00e4gen, inkl. Kostenplanung<\/li><\/ul>\n\n\n\n<blockquote class=\"wp-block-quote is-layout-flow wp-block-quote-is-layout-flow\" style=\"font-style:italic;font-weight:500\"><p><em><mark style=\"background-color:rgba(0, 0, 0, 0)\" class=\"has-inline-color has-nv-c-1-color\">&#8222;Unser Knowhow f\u00fcr Ihr Projekt&#8220;<\/mark><\/em><\/p><\/blockquote>\n\n\n\n<figure class=\"wp-block-image size-full is-resized\"><img loading=\"lazy\" decoding=\"async\" src=\"https:\/\/stadtlaborgraz.at\/wp-content\/uploads\/2022\/04\/Pfeile-09.png\" alt=\"\" class=\"wp-image-1926\" width=\"168\" height=\"113\" srcset=\"https:\/\/stadtlaborgraz.at\/wp-content\/uploads\/2022\/04\/Pfeile-09.png 671w, https:\/\/stadtlaborgraz.at\/wp-content\/uploads\/2022\/04\/Pfeile-09-400x270.png 400w, https:\/\/stadtlaborgraz.at\/wp-content\/uploads\/2022\/04\/Pfeile-09-18x12.png 18w\" sizes=\"auto, (max-width: 168px) 100vw, 168px\" \/><\/figure>\n","protected":false},"excerpt":{"rendered":"<p>Wir bringen Ideen zur Umsetzung und unterst\u00fctzen mit unserem Knowhow im F\u00f6rderwesen. Unsere Leistungen: Ideengenerierung und Projektkonzeption Vermittlung von\/ Vernetzung mit Kooperationspartner:innen aus Wissenschaft, Wirtschaft und \u00f6ffentlicher Hand Screening und Auswahl geeigneter (Forschungs-) F\u00f6rderprogramme Gesamtkoordination und Verfassen von F\u00f6rderprojektantr\u00e4gen, inkl. Kostenplanung &#8222;Unser Knowhow f\u00fcr Ihr Projekt&#8220;<\/p>\n","protected":false},"author":1,"featured_media":0,"parent":0,"menu_order":0,"comment_status":"closed","ping_status":"closed","template":"","meta":{"neve_meta_sidebar":"","neve_meta_container":"","neve_meta_enable_content_width":"","neve_meta_content_width":0,"neve_meta_title_alignment":"","neve_meta_author_avatar":"","neve_post_elements_order":"","neve_meta_disable_header":"","neve_meta_disable_footer":"","neve_meta_disable_title":"on","_themeisle_gutenberg_block_has_review":false,"footnotes":""},"class_list":["post-495","page","type-page","status-publish","hentry"],"_links":{"self":[{"href":"https:\/\/stadtlaborgraz.at\/de\/wp-json\/wp\/v2\/pages\/495","targetHints":{"allow":["GET"]}}],"collection":[{"href":"https:\/\/stadtlaborgraz.at\/de\/wp-json\/wp\/v2\/pages"}],"about":[{"href":"https:\/\/stadtlaborgraz.at\/de\/wp-json\/wp\/v2\/types\/page"}],"author":[{"embeddable":true,"href":"https:\/\/stadtlaborgraz.at\/de\/wp-json\/wp\/v2\/users\/1"}],"replies":[{"embeddable":true,"href":"https:\/\/stadtlaborgraz.at\/de\/wp-json\/wp\/v2\/comments?post=495"}],"version-history":[{"count":20,"href":"https:\/\/stadtlaborgraz.at\/de\/wp-json\/wp\/v2\/pages\/495\/revisions"}],"predecessor-version":[{"id":2660,"href":"https:\/\/stadtlaborgraz.at\/de\/wp-json\/wp\/v2\/pages\/495\/revisions\/2660"}],"wp:attachment":[{"href":"https:\/\/stadtlaborgraz.at\/de\/wp-json\/wp\/v2\/media?parent=495"}],"curies":[{"name":"wp","href":"https:\/\/api.w.org\/{rel}","templated":true}]}}