{"id":493,"date":"2022-01-15T18:59:06","date_gmt":"2022-01-15T17:59:06","guid":{"rendered":"https:\/\/stadtlaborgraz.at\/?page_id=493"},"modified":"2022-05-31T13:39:48","modified_gmt":"2022-05-31T11:39:48","slug":"kooperative-stadtentwicklung","status":"publish","type":"page","link":"https:\/\/stadtlaborgraz.at\/de\/kooperative-stadtentwicklung\/","title":{"rendered":"Kooperative Stadtentwicklung"},"content":{"rendered":"\n<div class=\"wp-block-cover is-light\" style=\"min-height:20em;aspect-ratio:unset;\"><span aria-hidden=\"true\" class=\"wp-block-cover__background has-background-dim\"><\/span><img loading=\"lazy\" decoding=\"async\" width=\"796\" height=\"300\" class=\"wp-block-cover__image-background wp-image-1151\" alt=\"\" src=\"https:\/\/stadtlaborgraz.at\/wp-content\/uploads\/2022\/02\/Alt_Kooperativ_quer.png\" style=\"object-position:49% 50%\" data-object-fit=\"cover\" data-object-position=\"49% 50%\" srcset=\"https:\/\/stadtlaborgraz.at\/wp-content\/uploads\/2022\/02\/Alt_Kooperativ_quer.png 796w, https:\/\/stadtlaborgraz.at\/wp-content\/uploads\/2022\/02\/Alt_Kooperativ_quer-400x151.png 400w, https:\/\/stadtlaborgraz.at\/wp-content\/uploads\/2022\/02\/Alt_Kooperativ_quer-768x289.png 768w, https:\/\/stadtlaborgraz.at\/wp-content\/uploads\/2022\/02\/Alt_Kooperativ_quer-18x7.png 18w\" sizes=\"auto, (max-width: 796px) 100vw, 796px\" \/><div class=\"wp-block-cover__inner-container is-layout-flow wp-block-cover-is-layout-flow\">\n<h1 class=\"has-text-align-center has-nv-site-bg-color has-text-color wp-block-heading\" id=\"kooperative-stadtentwicklung\">Kooperative Stadtentwicklung<\/h1>\n<\/div><\/div>\n\n\n\n<div style=\"height:80px\" aria-hidden=\"true\" class=\"wp-block-spacer\"><\/div>\n\n\n\n<div class=\"wp-block-group\"><div class=\"wp-block-group__inner-container is-layout-flow wp-block-group-is-layout-flow\">\n<h3 class=\"has-text-align-center has-medium-font-size wp-block-heading\">Wir begleiten die Transformation von Standorten, Quartieren und Stadtteilen in einem offenen und kooperativen Prozess, der R\u00e4ume f\u00fcr Inspiration, Kreativit\u00e4t und Innovation schafft.<\/h3>\n\n\n\n<div style=\"height:30px\" aria-hidden=\"true\" class=\"wp-block-spacer\"><\/div>\n<\/div><\/div>\n\n\n\n<p><strong>Unsere Leistungen:<\/strong><\/p>\n\n\n\n<ul class=\"wp-block-list\"><li>Innovationsbegleitung f\u00fcr Bauprojekte. Innovative und integrative Entwicklungskonzepte f\u00fcr Standorte, Quartiere und Stadtteile: Analysen, Innovationspotenziale, (Online-)Ideenwettbewerbe<em>, <\/em>Umsetzungskonzepte<\/li><li>Einbindung zuk\u00fcnftiger Bewohner:innen und Nutzer:innen. Effiziente Vertriebs- und Belegungsprozesse\u00a0<\/li><li>Stakeholder-Kommunikation. Entwicklung und Steuerung geeigneter Dialog-, Vernetzungs- und Beteiligungsprozesse<\/li><li>Brandingkonzepte<strong> <\/strong>f\u00fcr<strong> <\/strong>Standorte, Quartiere und Stadtteile<\/li><li>klimaaktiv-Quartiersstandard (Deklarationsstufe Planung). Begleitung der Planung, Nachweisf\u00fchrung und Auszeichnung<\/li><\/ul>\n\n\n\n<blockquote class=\"wp-block-quote is-layout-flow wp-block-quote-is-layout-flow\" style=\"font-style:italic;font-weight:500\"><p><em><mark style=\"background-color:rgba(0, 0, 0, 0)\" class=\"has-inline-color has-nv-c-1-color\">&#8222;Entwicklungsprozesse \u00f6ffnen, Innovationen ernten.&#8220;<\/mark><\/em><\/p><\/blockquote>\n\n\n<div class=\"wp-block-image\">\n<figure class=\"alignleft size-full is-resized\"><img loading=\"lazy\" decoding=\"async\" src=\"https:\/\/stadtlaborgraz.at\/wp-content\/uploads\/2022\/04\/Icon-PyraHalbk.png\" alt=\"\" class=\"wp-image-1921\" width=\"141\" height=\"142\" srcset=\"https:\/\/stadtlaborgraz.at\/wp-content\/uploads\/2022\/04\/Icon-PyraHalbk.png 565w, https:\/\/stadtlaborgraz.at\/wp-content\/uploads\/2022\/04\/Icon-PyraHalbk-400x400.png 400w, https:\/\/stadtlaborgraz.at\/wp-content\/uploads\/2022\/04\/Icon-PyraHalbk-200x200.png 200w, https:\/\/stadtlaborgraz.at\/wp-content\/uploads\/2022\/04\/Icon-PyraHalbk-12x12.png 12w\" sizes=\"auto, (max-width: 141px) 100vw, 141px\" \/><\/figure>\n<\/div>\n\n\n<p><\/p>\n","protected":false},"excerpt":{"rendered":"<p>Wir begleiten die Transformation von Standorten, Quartieren und Stadtteilen in einem offenen und kooperativen Prozess, der R\u00e4ume f\u00fcr Inspiration, Kreativit\u00e4t und Innovation schafft. Unsere Leistungen: Innovationsbegleitung f\u00fcr Bauprojekte. Innovative und integrative Entwicklungskonzepte f\u00fcr Standorte, Quartiere und Stadtteile: Analysen, Innovationspotenziale, (Online-)Ideenwettbewerbe, Umsetzungskonzepte Einbindung zuk\u00fcnftiger Bewohner:innen und Nutzer:innen. Effiziente Vertriebs- und Belegungsprozesse\u00a0 Stakeholder-Kommunikation. Entwicklung und Steuerung geeigneter&hellip;&nbsp;<a href=\"https:\/\/stadtlaborgraz.at\/de\/kooperative-stadtentwicklung\/\" rel=\"bookmark\">Weiterlesen &raquo;<span class=\"screen-reader-text\">Kooperative Stadtentwicklung<\/span><\/a><\/p>\n","protected":false},"author":1,"featured_media":0,"parent":0,"menu_order":0,"comment_status":"closed","ping_status":"closed","template":"","meta":{"neve_meta_sidebar":"","neve_meta_container":"","neve_meta_enable_content_width":"","neve_meta_content_width":0,"neve_meta_title_alignment":"","neve_meta_author_avatar":"","neve_post_elements_order":"","neve_meta_disable_header":"","neve_meta_disable_footer":"","neve_meta_disable_title":"on","_themeisle_gutenberg_block_has_review":false,"footnotes":""},"class_list":["post-493","page","type-page","status-publish","hentry"],"_links":{"self":[{"href":"https:\/\/stadtlaborgraz.at\/de\/wp-json\/wp\/v2\/pages\/493","targetHints":{"allow":["GET"]}}],"collection":[{"href":"https:\/\/stadtlaborgraz.at\/de\/wp-json\/wp\/v2\/pages"}],"about":[{"href":"https:\/\/stadtlaborgraz.at\/de\/wp-json\/wp\/v2\/types\/page"}],"author":[{"embeddable":true,"href":"https:\/\/stadtlaborgraz.at\/de\/wp-json\/wp\/v2\/users\/1"}],"replies":[{"embeddable":true,"href":"https:\/\/stadtlaborgraz.at\/de\/wp-json\/wp\/v2\/comments?post=493"}],"version-history":[{"count":24,"href":"https:\/\/stadtlaborgraz.at\/de\/wp-json\/wp\/v2\/pages\/493\/revisions"}],"predecessor-version":[{"id":2661,"href":"https:\/\/stadtlaborgraz.at\/de\/wp-json\/wp\/v2\/pages\/493\/revisions\/2661"}],"wp:attachment":[{"href":"https:\/\/stadtlaborgraz.at\/de\/wp-json\/wp\/v2\/media?parent=493"}],"curies":[{"name":"wp","href":"https:\/\/api.w.org\/{rel}","templated":true}]}}