{"id":46,"date":"2021-02-16T11:44:42","date_gmt":"2021-02-16T11:44:42","guid":{"rendered":"https:\/\/demosites.io\/neve-3\/?page_id=46"},"modified":"2023-06-15T16:26:06","modified_gmt":"2023-06-15T14:26:06","slug":"7b3c2-homepage-2-2","status":"publish","type":"page","link":"https:\/\/stadtlaborgraz.at\/de\/","title":{"rendered":"Homepage"},"content":{"rendered":"\n<div class=\"wp-block-cover alignfull is-light is-repeated\" style=\"min-height:400px;aspect-ratio:unset;\"><span aria-hidden=\"true\" class=\"wp-block-cover__background has-background-dim-0 has-background-dim\"><\/span><div role=\"img\" class=\"wp-block-cover__image-background wp-image-1136 is-repeated\" style=\"background-position:50% 50%;background-image:url(https:\/\/stadtlaborgraz.at\/wp-content\/uploads\/2022\/02\/Header_Illustrationen800x30.png)\"><\/div><div class=\"wp-block-cover__inner-container is-layout-flow wp-block-cover-is-layout-flow\">\n<div class=\"wp-block-group ticss-792cb9fe has-nv-site-bg-color has-nv-c-2-background-color has-text-color has-background\" style=\"font-style:normal;font-weight:700\"><div class=\"wp-block-group__inner-container is-layout-constrained wp-block-group-is-layout-constrained\">\n<h1 class=\"wp-block-heading has-text-align-left\" style=\"font-size:3em\">Stadt gemeinsam entwickeln<\/h1>\n\n\n\n<p>Wir sind ein Innovationslabor f\u00fcr nachhaltige und kooperative Stadtentwicklung. Wir suchen nach Wegen, wie Klimaschutz, Ressourcenschonung und Innovation st\u00e4rker in Bauprojekten und in der Entwicklung von Standorten, Quartieren und Stadtteilen ber\u00fccksichtigt werden k\u00f6nnen.<\/p>\n\n\n\n<div class=\"wp-block-buttons is-layout-flex wp-block-buttons-is-layout-flex\">\n<div class=\"wp-block-button has-custom-font-size is-style-primary has-medium-font-size\"><a class=\"wp-block-button__link has-neve-text-color-color has-nv-c-1-background-color has-text-color has-background wp-element-button\" href=\"https:\/\/stadtlaborgraz.at\/ueber-uns\/\" style=\"border-radius:7px\"><strong>Unsere Vision<\/strong><\/a><\/div>\n<\/div>\n<\/div><\/div>\n<\/div><\/div>\n\n\n\n<div style=\"height:70px\" aria-hidden=\"true\" class=\"wp-block-spacer\"><\/div>\n\n\n\n<div class=\"wp-block-columns are-vertically-aligned-top is-layout-flex wp-container-core-columns-is-layout-9d6595d7 wp-block-columns-is-layout-flex\">\n<div class=\"wp-block-column is-vertically-aligned-top is-layout-flow wp-block-column-is-layout-flow\">\n<figure class=\"wp-block-image size-full\"><a href=\"https:\/\/stadtlaborgraz.at\/de\/kooperative-stadtentwicklung\/\"><img loading=\"lazy\" decoding=\"async\" width=\"604\" height=\"604\" src=\"https:\/\/stadtlaborgraz.at\/wp-content\/uploads\/2022\/05\/B01_Kooperative-Stadtentwicklung.png\" alt=\"\" class=\"wp-image-2508\" srcset=\"https:\/\/stadtlaborgraz.at\/wp-content\/uploads\/2022\/05\/B01_Kooperative-Stadtentwicklung.png 604w, https:\/\/stadtlaborgraz.at\/wp-content\/uploads\/2022\/05\/B01_Kooperative-Stadtentwicklung-400x400.png 400w, https:\/\/stadtlaborgraz.at\/wp-content\/uploads\/2022\/05\/B01_Kooperative-Stadtentwicklung-200x200.png 200w, https:\/\/stadtlaborgraz.at\/wp-content\/uploads\/2022\/05\/B01_Kooperative-Stadtentwicklung-12x12.png 12w\" sizes=\"auto, (max-width: 604px) 100vw, 604px\" \/><\/a><\/figure>\n\n\n\n<h3 class=\"wp-block-heading\" id=\"erster-text\">Kooperative Stadtentwicklung<\/h3>\n<\/div>\n\n\n\n<div class=\"wp-block-column is-vertically-aligned-top is-layout-flow wp-block-column-is-layout-flow\">\n<figure class=\"wp-block-image size-full\"><a href=\"https:\/\/stadtlaborgraz.at\/lebenswerte-stadtteile-und-quartiere\/\"><img loading=\"lazy\" decoding=\"async\" width=\"604\" height=\"609\" src=\"https:\/\/stadtlaborgraz.at\/wp-content\/uploads\/2022\/04\/Bereich02_quadrat.png\" alt=\"\" class=\"wp-image-1521\" srcset=\"https:\/\/stadtlaborgraz.at\/wp-content\/uploads\/2022\/04\/Bereich02_quadrat.png 604w, https:\/\/stadtlaborgraz.at\/wp-content\/uploads\/2022\/04\/Bereich02_quadrat-397x400.png 397w, https:\/\/stadtlaborgraz.at\/wp-content\/uploads\/2022\/04\/Bereich02_quadrat-12x12.png 12w\" sizes=\"auto, (max-width: 604px) 100vw, 604px\" \/><\/a><\/figure>\n\n\n\n<h3 class=\"wp-block-heading\" id=\"zweiter-text\">Lebenswerte Stadtteile und Quartiere<\/h3>\n<\/div>\n<\/div>\n\n\n\n<div style=\"height:40px\" aria-hidden=\"true\" class=\"wp-block-spacer\"><\/div>\n\n\n\n<div class=\"wp-block-columns are-vertically-aligned-top is-layout-flex wp-container-core-columns-is-layout-9d6595d7 wp-block-columns-is-layout-flex\">\n<div class=\"wp-block-column is-vertically-aligned-top is-layout-flow wp-block-column-is-layout-flow\">\n<figure class=\"wp-block-image size-full\"><a href=\"https:\/\/stadtlaborgraz.at\/de\/bewusstseinsbildung-lernen-und-wissenstransfer\/\"><img loading=\"lazy\" decoding=\"async\" width=\"604\" height=\"604\" src=\"https:\/\/stadtlaborgraz.at\/wp-content\/uploads\/2022\/05\/Bereich03_Wissenstransfer.png\" alt=\"\" class=\"wp-image-2499\" srcset=\"https:\/\/stadtlaborgraz.at\/wp-content\/uploads\/2022\/05\/Bereich03_Wissenstransfer.png 604w, https:\/\/stadtlaborgraz.at\/wp-content\/uploads\/2022\/05\/Bereich03_Wissenstransfer-400x400.png 400w, https:\/\/stadtlaborgraz.at\/wp-content\/uploads\/2022\/05\/Bereich03_Wissenstransfer-200x200.png 200w, https:\/\/stadtlaborgraz.at\/wp-content\/uploads\/2022\/05\/Bereich03_Wissenstransfer-12x12.png 12w\" sizes=\"auto, (max-width: 604px) 100vw, 604px\" \/><\/a><\/figure>\n\n\n\n<h3 class=\"wp-block-heading\" id=\"zweiter-text\">Bewusstseinsbildung, Lernen und Wissenstransfer<\/h3>\n<\/div>\n\n\n\n<div class=\"wp-block-column is-vertically-aligned-top is-layout-flow wp-block-column-is-layout-flow\">\n<figure class=\"wp-block-image size-full\"><a href=\"https:\/\/stadtlaborgraz.at\/de\/forderantragsmanagement\/\"><img loading=\"lazy\" decoding=\"async\" width=\"604\" height=\"604\" src=\"https:\/\/stadtlaborgraz.at\/wp-content\/uploads\/2022\/05\/B04_Foerderantragsmanagement.png\" alt=\"\" class=\"wp-image-2506\" srcset=\"https:\/\/stadtlaborgraz.at\/wp-content\/uploads\/2022\/05\/B04_Foerderantragsmanagement.png 604w, https:\/\/stadtlaborgraz.at\/wp-content\/uploads\/2022\/05\/B04_Foerderantragsmanagement-400x400.png 400w, https:\/\/stadtlaborgraz.at\/wp-content\/uploads\/2022\/05\/B04_Foerderantragsmanagement-200x200.png 200w, https:\/\/stadtlaborgraz.at\/wp-content\/uploads\/2022\/05\/B04_Foerderantragsmanagement-12x12.png 12w\" sizes=\"auto, (max-width: 604px) 100vw, 604px\" \/><\/a><\/figure>\n\n\n\n<h3 class=\"wp-block-heading\" id=\"dritter-text\">F\u00f6rderantragsmanagement<\/h3>\n<\/div>\n<\/div>\n\n\n\n<div style=\"height:30px\" aria-hidden=\"true\" class=\"wp-block-spacer\"><\/div>\n\n\n\n<hr class=\"wp-block-separator has-text-color has-nv-light-bg-color has-css-opacity has-nv-light-bg-background-color has-background\"\/>\n\n\n\n<div style=\"height:50px\" aria-hidden=\"true\" class=\"wp-block-spacer\"><\/div>\n\n\n\n<h2 class=\"wp-block-heading\" id=\"aktuellste-beitrage-variante-1\">News<\/h2>\n\n\n\n<div class=\"wp-block-query is-layout-flow wp-block-query-is-layout-flow\">\n<div class=\"wp-block-group\"><div class=\"wp-block-group__inner-container is-layout-flow wp-block-group-is-layout-flow\"><ul class=\"is-flex-container columns-3 wp-block-post-template is-layout-flow wp-block-post-template-is-layout-flow\"><li class=\"wp-block-post post-6478 post type-post status-publish format-standard has-post-thumbnail hentry category-news\">\n<figure style=\"height:220px;\" class=\"animated fadeIn wp-block-post-featured-image\"><a href=\"https:\/\/stadtlaborgraz.at\/de\/2026\/03\/einladung-zur-stadt-mahlzeit-4\/\" target=\"_self\"  style=\"height:220px\"><img loading=\"lazy\" decoding=\"async\" width=\"870\" height=\"533\" src=\"https:\/\/stadtlaborgraz.at\/wp-content\/uploads\/2024\/10\/Stadt.Mahlzeit.png\" class=\"attachment-post-thumbnail size-post-thumbnail wp-post-image\" alt=\"Einladung zur Stadt.Mahlzeit #4\" style=\"height:220px;object-fit:cover;\" srcset=\"https:\/\/stadtlaborgraz.at\/wp-content\/uploads\/2024\/10\/Stadt.Mahlzeit.png 870w, https:\/\/stadtlaborgraz.at\/wp-content\/uploads\/2024\/10\/Stadt.Mahlzeit-400x245.png 400w, https:\/\/stadtlaborgraz.at\/wp-content\/uploads\/2024\/10\/Stadt.Mahlzeit-768x471.png 768w, https:\/\/stadtlaborgraz.at\/wp-content\/uploads\/2024\/10\/Stadt.Mahlzeit-18x12.png 18w\" sizes=\"auto, (max-width: 870px) 100vw, 870px\" \/><\/a><\/figure>\n\n<div class=\"wp-block-post-date has-small-font-size\"><time datetime=\"2026-03-25T23:07:00+01:00\">25. M\u00e4rz 2026<\/time><\/div>\n\n<h4 class=\"wp-block-post-title\"><a href=\"https:\/\/stadtlaborgraz.at\/de\/2026\/03\/einladung-zur-stadt-mahlzeit-4\/\" target=\"_self\" >Einladung zur Stadt.Mahlzeit #4<\/a><\/h4>\n<\/li><li class=\"wp-block-post post-6472 post type-post status-publish format-standard has-post-thumbnail hentry category-news tag-beteiligung tag-mobilitaet tag-frauentag\">\n<figure style=\"height:220px;\" class=\"animated fadeIn wp-block-post-featured-image\"><a href=\"https:\/\/stadtlaborgraz.at\/de\/2026\/03\/ideenwettbewerb-aichfeldbus\/\" target=\"_self\"  style=\"height:220px\"><img loading=\"lazy\" decoding=\"async\" width=\"870\" height=\"533\" src=\"https:\/\/stadtlaborgraz.at\/wp-content\/uploads\/2026\/03\/2-1.png\" class=\"attachment-post-thumbnail size-post-thumbnail wp-post-image\" alt=\"DIGITALER IDEENWETTBEWERB: 30 Jahre Aichfeldbus\" style=\"height:220px;object-fit:cover;\" srcset=\"https:\/\/stadtlaborgraz.at\/wp-content\/uploads\/2026\/03\/2-1.png 870w, https:\/\/stadtlaborgraz.at\/wp-content\/uploads\/2026\/03\/2-1-400x245.png 400w, https:\/\/stadtlaborgraz.at\/wp-content\/uploads\/2026\/03\/2-1-768x471.png 768w, https:\/\/stadtlaborgraz.at\/wp-content\/uploads\/2026\/03\/2-1-18x12.png 18w\" sizes=\"auto, (max-width: 870px) 100vw, 870px\" \/><\/a><\/figure>\n\n<div class=\"wp-block-post-date has-small-font-size\"><time datetime=\"2026-03-25T18:20:00+01:00\">25. M\u00e4rz 2026<\/time><\/div>\n\n<h4 class=\"wp-block-post-title\"><a href=\"https:\/\/stadtlaborgraz.at\/de\/2026\/03\/ideenwettbewerb-aichfeldbus\/\" target=\"_self\" >DIGITALER IDEENWETTBEWERB: 30 Jahre Aichfeldbus<\/a><\/h4>\n<\/li><li class=\"wp-block-post post-6527 post type-post status-publish format-standard has-post-thumbnail hentry category-news\">\n<figure style=\"height:220px;\" class=\"animated fadeIn wp-block-post-featured-image\"><a href=\"https:\/\/stadtlaborgraz.at\/de\/2026\/03\/gemma-klima-gemeinsam-statt-einsam\/\" target=\"_self\"  style=\"height:220px\"><img loading=\"lazy\" decoding=\"async\" width=\"870\" height=\"533\" src=\"https:\/\/stadtlaborgraz.at\/wp-content\/uploads\/2026\/03\/GemmaK-GsE2-cFH-JOANNEUM-Boris-Boettger.png\" class=\"attachment-post-thumbnail size-post-thumbnail wp-post-image\" alt=\"Gemma Klima &#8211; Gemeinsam statt Einsam\" style=\"height:220px;object-fit:cover;\" srcset=\"https:\/\/stadtlaborgraz.at\/wp-content\/uploads\/2026\/03\/GemmaK-GsE2-cFH-JOANNEUM-Boris-Boettger.png 870w, https:\/\/stadtlaborgraz.at\/wp-content\/uploads\/2026\/03\/GemmaK-GsE2-cFH-JOANNEUM-Boris-Boettger-400x245.png 400w, https:\/\/stadtlaborgraz.at\/wp-content\/uploads\/2026\/03\/GemmaK-GsE2-cFH-JOANNEUM-Boris-Boettger-768x471.png 768w, https:\/\/stadtlaborgraz.at\/wp-content\/uploads\/2026\/03\/GemmaK-GsE2-cFH-JOANNEUM-Boris-Boettger-18x12.png 18w\" sizes=\"auto, (max-width: 870px) 100vw, 870px\" \/><\/a><\/figure>\n\n<div class=\"wp-block-post-date has-small-font-size\"><time datetime=\"2026-03-25T17:21:00+01:00\">25. M\u00e4rz 2026<\/time><\/div>\n\n<h4 class=\"wp-block-post-title\"><a href=\"https:\/\/stadtlaborgraz.at\/de\/2026\/03\/gemma-klima-gemeinsam-statt-einsam\/\" target=\"_self\" >Gemma Klima &#8211; Gemeinsam statt Einsam<\/a><\/h4>\n<\/li><\/ul><\/div><\/div>\n<\/div>\n\n\n\n<div style=\"height:70px\" aria-hidden=\"true\" class=\"wp-block-spacer\"><\/div>\n\n\n\n<hr class=\"wp-block-separator has-text-color has-nv-light-bg-color has-css-opacity has-nv-light-bg-background-color has-background\"\/>\n\n\n\n<div style=\"height:50px\" aria-hidden=\"true\" class=\"wp-block-spacer\"><\/div>\n\n\n\n<h2 class=\"wp-block-heading\" id=\"aktuellste-beitrage-variante-1\">Aktuelle Projekte<\/h2>\n\n\n\n<div class=\"wp-block-query is-layout-flow wp-block-query-is-layout-flow\"><ul class=\"wp-block-post-template is-layout-flow wp-block-post-template-is-layout-flow\"><li class=\"wp-block-post post-6460 post type-post status-publish format-standard has-post-thumbnail hentry category-projekte tag-beteiligung tag-mobilitaet tag-frauentag\">\n\n<div class=\"wp-block-columns are-vertically-aligned-top is-layout-flex wp-container-core-columns-is-layout-9d6595d7 wp-block-columns-is-layout-flex\">\n<div class=\"wp-block-column is-vertically-aligned-top is-layout-flow wp-block-column-is-layout-flow\" style=\"flex-basis:20%\"><div class=\"wp-block-post-date\"><time datetime=\"2026-03-24T20:50:48+01:00\">24. M\u00e4rz 2026<\/time><\/div><\/div>\n\n\n\n<div class=\"wp-block-column is-vertically-aligned-top is-layout-flow wp-block-column-is-layout-flow\"><div class=\"taxonomy-post_tag has-text-align-right wp-block-post-terms has-small-font-size\"><a href=\"https:\/\/stadtlaborgraz.at\/de\/tag\/beteiligung\/\" rel=\"tag\">Beteiligung<\/a><span class=\"wp-block-post-terms__separator\">, <\/span><a href=\"https:\/\/stadtlaborgraz.at\/de\/tag\/mobilitaet\/\" rel=\"tag\">klimafreundliche Mobilit\u00e4t<\/a><span class=\"wp-block-post-terms__separator\">, <\/span><a href=\"https:\/\/stadtlaborgraz.at\/de\/tag\/frauentag\/\" rel=\"tag\">soziale Innovation<\/a><\/div><\/div>\n<\/div>\n\n\n<h3 class=\"has-text-align-left wp-block-post-title\"><a href=\"https:\/\/stadtlaborgraz.at\/de\/2026\/03\/30-jahre-aichfeldbus\/\" target=\"_self\" >30 Jahre Aichfeldbus<\/a><\/h3>\n\n<figure style=\"width:335px;height:240px;\" class=\"alignleft ticss-d10cd55f wp-block-post-featured-image\"><a href=\"https:\/\/stadtlaborgraz.at\/de\/2026\/03\/30-jahre-aichfeldbus\/\" target=\"_self\"  style=\"height:240px\"><img loading=\"lazy\" decoding=\"async\" width=\"870\" height=\"533\" src=\"https:\/\/stadtlaborgraz.at\/wp-content\/uploads\/2026\/03\/1-2.png\" class=\"attachment-post-thumbnail size-post-thumbnail wp-post-image\" alt=\"30 Jahre Aichfeldbus\" style=\"height:240px;object-fit:contain;\" srcset=\"https:\/\/stadtlaborgraz.at\/wp-content\/uploads\/2026\/03\/1-2.png 870w, https:\/\/stadtlaborgraz.at\/wp-content\/uploads\/2026\/03\/1-2-400x245.png 400w, https:\/\/stadtlaborgraz.at\/wp-content\/uploads\/2026\/03\/1-2-768x471.png 768w, https:\/\/stadtlaborgraz.at\/wp-content\/uploads\/2026\/03\/1-2-18x12.png 18w\" sizes=\"auto, (max-width: 870px) 100vw, 870px\" \/><\/a><\/figure>\n\n\n<div class=\"wp-block-group\"><div class=\"wp-block-group__inner-container is-layout-flow wp-block-group-is-layout-flow\"><div class=\"has-text-align-left ticss-0c59d9f4 wp-block-post-excerpt\"><p class=\"wp-block-post-excerpt__excerpt\">Seit fast 30 Jahren ist der Aichfeldbus ein zentraler Bestandteil der regionalen Mobilit\u00e4t im Aichfeld. Er verbindet die Gemeinden Knittelfeld, Judenburg, Zeltweg, Spielberg und Fohnsdorf und erm\u00f6glicht vielen Menschen den Zugang zu Arbeit, Bildung und Freizeitangeboten. Mit dem Jubil\u00e4umsjahr 2026 bietet sich die Chance, dieses etablierte Mobilit\u00e4tsangebot nicht nur zu feiern, sondern auch weiterzudenken: Welche&hellip; <\/p><\/div><\/div><\/div>\n\n\n\n<hr class=\"wp-block-separator has-css-opacity\"\/>\n\n<\/li><li class=\"wp-block-post post-6447 post type-post status-publish format-standard has-post-thumbnail hentry category-projekte tag-beteiligung tag-frauentag tag-quartiere\">\n\n<div class=\"wp-block-columns are-vertically-aligned-top is-layout-flex wp-container-core-columns-is-layout-9d6595d7 wp-block-columns-is-layout-flex\">\n<div class=\"wp-block-column is-vertically-aligned-top is-layout-flow wp-block-column-is-layout-flow\" style=\"flex-basis:20%\"><div class=\"wp-block-post-date\"><time datetime=\"2026-03-24T16:41:34+01:00\">24. M\u00e4rz 2026<\/time><\/div><\/div>\n\n\n\n<div class=\"wp-block-column is-vertically-aligned-top is-layout-flow wp-block-column-is-layout-flow\"><div class=\"taxonomy-post_tag has-text-align-right wp-block-post-terms has-small-font-size\"><a href=\"https:\/\/stadtlaborgraz.at\/de\/tag\/beteiligung\/\" rel=\"tag\">Beteiligung<\/a><span class=\"wp-block-post-terms__separator\">, <\/span><a href=\"https:\/\/stadtlaborgraz.at\/de\/tag\/frauentag\/\" rel=\"tag\">soziale Innovation<\/a><span class=\"wp-block-post-terms__separator\">, <\/span><a href=\"https:\/\/stadtlaborgraz.at\/de\/tag\/quartiere\/\" rel=\"tag\">Starke Nachbarschaften<\/a><\/div><\/div>\n<\/div>\n\n\n<h3 class=\"has-text-align-left wp-block-post-title\"><a href=\"https:\/\/stadtlaborgraz.at\/de\/2026\/03\/don-bosco\/\" target=\"_self\" >Don Bosco<\/a><\/h3>\n\n<figure style=\"width:335px;height:240px;\" class=\"alignleft ticss-d10cd55f wp-block-post-featured-image\"><a href=\"https:\/\/stadtlaborgraz.at\/de\/2026\/03\/don-bosco\/\" target=\"_self\"  style=\"height:240px\"><img loading=\"lazy\" decoding=\"async\" width=\"870\" height=\"533\" src=\"https:\/\/stadtlaborgraz.at\/wp-content\/uploads\/2026\/03\/1-1.png\" class=\"attachment-post-thumbnail size-post-thumbnail wp-post-image\" alt=\"Don Bosco\" style=\"height:240px;object-fit:contain;\" srcset=\"https:\/\/stadtlaborgraz.at\/wp-content\/uploads\/2026\/03\/1-1.png 870w, https:\/\/stadtlaborgraz.at\/wp-content\/uploads\/2026\/03\/1-1-400x245.png 400w, https:\/\/stadtlaborgraz.at\/wp-content\/uploads\/2026\/03\/1-1-768x471.png 768w, https:\/\/stadtlaborgraz.at\/wp-content\/uploads\/2026\/03\/1-1-18x12.png 18w\" sizes=\"auto, (max-width: 870px) 100vw, 870px\" \/><\/a><\/figure>\n\n\n<div class=\"wp-block-group\"><div class=\"wp-block-group__inner-container is-layout-flow wp-block-group-is-layout-flow\"><div class=\"has-text-align-left ticss-0c59d9f4 wp-block-post-excerpt\"><p class=\"wp-block-post-excerpt__excerpt\">Die Pfarre Don Bosco in Graz wird umfassend saniert und zu einem offenen Begegnungszentrum weiterentwickelt. Ziel ist ein lebendiger Ort f\u00fcr alle Menschen &#8211;\u00a0 unabh\u00e4ngig von Alter, Herkunft oder Religion \u2013 an dem Begegnung, Austausch, Lernen und Unterst\u00fctzung m\u00f6glich sind. <\/p><\/div><\/div><\/div>\n\n\n\n<hr class=\"wp-block-separator has-css-opacity\"\/>\n\n<\/li><li class=\"wp-block-post post-6392 post type-post status-publish format-standard has-post-thumbnail hentry category-projekte tag-beteiligung tag-energiewende\">\n\n<div class=\"wp-block-columns are-vertically-aligned-top is-layout-flex wp-container-core-columns-is-layout-9d6595d7 wp-block-columns-is-layout-flex\">\n<div class=\"wp-block-column is-vertically-aligned-top is-layout-flow wp-block-column-is-layout-flow\" style=\"flex-basis:20%\"><div class=\"wp-block-post-date\"><time datetime=\"2026-02-11T11:25:34+01:00\">11. Feber 2026<\/time><\/div><\/div>\n\n\n\n<div class=\"wp-block-column is-vertically-aligned-top is-layout-flow wp-block-column-is-layout-flow\"><div class=\"taxonomy-post_tag has-text-align-right wp-block-post-terms has-small-font-size\"><a href=\"https:\/\/stadtlaborgraz.at\/de\/tag\/beteiligung\/\" rel=\"tag\">Beteiligung<\/a><span class=\"wp-block-post-terms__separator\">, <\/span><a href=\"https:\/\/stadtlaborgraz.at\/de\/tag\/energiewende\/\" rel=\"tag\">Energiewende<\/a><\/div><\/div>\n<\/div>\n\n\n<h3 class=\"has-text-align-left wp-block-post-title\"><a href=\"https:\/\/stadtlaborgraz.at\/de\/2026\/02\/sanierungsmanufaktur\/\" target=\"_self\" >SanierungsMANUFAKTUR<\/a><\/h3>\n\n<figure style=\"width:335px;height:240px;\" class=\"alignleft ticss-d10cd55f wp-block-post-featured-image\"><a href=\"https:\/\/stadtlaborgraz.at\/de\/2026\/02\/sanierungsmanufaktur\/\" target=\"_self\"  style=\"height:240px\"><img loading=\"lazy\" decoding=\"async\" width=\"870\" height=\"533\" src=\"https:\/\/stadtlaborgraz.at\/wp-content\/uploads\/2024\/07\/Wir-Co-3.png\" class=\"attachment-post-thumbnail size-post-thumbnail wp-post-image\" alt=\"SanierungsMANUFAKTUR\" style=\"height:240px;object-fit:contain;\" srcset=\"https:\/\/stadtlaborgraz.at\/wp-content\/uploads\/2024\/07\/Wir-Co-3.png 870w, https:\/\/stadtlaborgraz.at\/wp-content\/uploads\/2024\/07\/Wir-Co-3-400x245.png 400w, https:\/\/stadtlaborgraz.at\/wp-content\/uploads\/2024\/07\/Wir-Co-3-768x471.png 768w, https:\/\/stadtlaborgraz.at\/wp-content\/uploads\/2024\/07\/Wir-Co-3-18x12.png 18w\" sizes=\"auto, (max-width: 870px) 100vw, 870px\" \/><\/a><\/figure>\n\n\n<div class=\"wp-block-group\"><div class=\"wp-block-group__inner-container is-layout-flow wp-block-group-is-layout-flow\"><div class=\"has-text-align-left ticss-0c59d9f4 wp-block-post-excerpt\"><p class=\"wp-block-post-excerpt__excerpt\">Wir sind eine interdisziplin\u00e4re Anlaufstelle f\u00fcr die umfassende Sanierung und Aufwertung von Geb\u00e4uden und Quartieren (Wohn-, B\u00fcro-, Gewerbeimmobilien) und stellen unser Planungs-Know-How zur Verf\u00fcgung. <\/p><\/div><\/div><\/div>\n\n\n\n<hr class=\"wp-block-separator has-css-opacity\"\/>\n\n<\/li><\/ul><\/div>\n","protected":false},"excerpt":{"rendered":"<p>Kooperative Stadtentwicklung Lebenswerte Stadtteile und Quartiere Bewusstseinsbildung, Lernen und Wissenstransfer F\u00f6rderantragsmanagement News Aktuelle Projekte<\/p>\n","protected":false},"author":1,"featured_media":0,"parent":0,"menu_order":0,"comment_status":"closed","ping_status":"closed","template":"","meta":{"neve_meta_sidebar":"full-width","neve_meta_container":"contained","neve_meta_enable_content_width":"on","neve_meta_content_width":100,"neve_meta_title_alignment":"","neve_meta_author_avatar":"","neve_post_elements_order":"","neve_meta_disable_header":"","neve_meta_disable_footer":"","neve_meta_disable_title":"on","_themeisle_gutenberg_block_has_review":false,"footnotes":""},"class_list":["post-46","page","type-page","status-publish","hentry"],"_links":{"self":[{"href":"https:\/\/stadtlaborgraz.at\/de\/wp-json\/wp\/v2\/pages\/46","targetHints":{"allow":["GET"]}}],"collection":[{"href":"https:\/\/stadtlaborgraz.at\/de\/wp-json\/wp\/v2\/pages"}],"about":[{"href":"https:\/\/stadtlaborgraz.at\/de\/wp-json\/wp\/v2\/types\/page"}],"author":[{"embeddable":true,"href":"https:\/\/stadtlaborgraz.at\/de\/wp-json\/wp\/v2\/users\/1"}],"replies":[{"embeddable":true,"href":"https:\/\/stadtlaborgraz.at\/de\/wp-json\/wp\/v2\/comments?post=46"}],"version-history":[{"count":98,"href":"https:\/\/stadtlaborgraz.at\/de\/wp-json\/wp\/v2\/pages\/46\/revisions"}],"predecessor-version":[{"id":3710,"href":"https:\/\/stadtlaborgraz.at\/de\/wp-json\/wp\/v2\/pages\/46\/revisions\/3710"}],"wp:attachment":[{"href":"https:\/\/stadtlaborgraz.at\/de\/wp-json\/wp\/v2\/media?parent=46"}],"curies":[{"name":"wp","href":"https:\/\/api.w.org\/{rel}","templated":true}]}}