{"id":1857,"date":"2022-04-22T10:17:44","date_gmt":"2022-04-22T08:17:44","guid":{"rendered":"https:\/\/stadtlaborgraz.at\/?page_id=1857"},"modified":"2026-01-13T15:55:40","modified_gmt":"2026-01-13T14:55:40","slug":"stadt-land-ideen","status":"publish","type":"page","link":"https:\/\/stadtlaborgraz.at\/de\/stadt-land-ideen\/","title":{"rendered":"Stadt.Land.Ideen"},"content":{"rendered":"\n<div class=\"wp-block-group alignfull has-nv-light-bg-background-color has-background\"><div class=\"wp-block-group__inner-container is-layout-flow wp-block-group-is-layout-flow\">\n<figure class=\"wp-block-image alignwide size-full is-style-default\"><a href=\"https:\/\/stadt-land-ideen.at\/\" target=\"_blank\" rel=\"noopener\"><img loading=\"lazy\" decoding=\"async\" width=\"1200\" height=\"307\" src=\"https:\/\/stadtlaborgraz.at\/wp-content\/uploads\/2022\/04\/Header_OIP_fu\u0308r_SL-Webseite_gross.png\" alt=\"STADT LAND Ideen\" class=\"wp-image-1882\" srcset=\"https:\/\/stadtlaborgraz.at\/wp-content\/uploads\/2022\/04\/Header_OIP_fu\u0308r_SL-Webseite_gross.png 1200w, https:\/\/stadtlaborgraz.at\/wp-content\/uploads\/2022\/04\/Header_OIP_fu\u0308r_SL-Webseite_gross-400x102.png 400w, https:\/\/stadtlaborgraz.at\/wp-content\/uploads\/2022\/04\/Header_OIP_fu\u0308r_SL-Webseite_gross-768x196.png 768w, https:\/\/stadtlaborgraz.at\/wp-content\/uploads\/2022\/04\/Header_OIP_fu\u0308r_SL-Webseite_gross-18x5.png 18w\" sizes=\"auto, (max-width: 1200px) 100vw, 1200px\" \/><\/a><\/figure>\n<\/div><\/div>\n\n\n\n<div style=\"height:100px\" aria-hidden=\"true\" class=\"wp-block-spacer\"><\/div>\n\n\n\n<h2 class=\"wp-block-heading has-text-align-center\">Stadt.Land.Ideen \u2013 die Open Innovation Plattform des StadtLABORs<\/h2>\n\n\n\n<p class=\"has-text-align-center has-neve-text-color-color has-text-color\">Stadt.Land.Ideen ist eine integrierte Beteiligungsplattform, mit der Sie Ihre Zielgruppen transparent, effizient und wirkungsvoll einbinden k\u00f6nnen. Stadt.Land.Ideen vereint vielf\u00e4ltige Beteiligungsmethoden auf einer Plattform, arbeitet mit KI-gest\u00fctzten Auswertungs- und Berichtstools und setzt neue Standards f\u00fcr Ihren Beteiligungsprozess!<\/p>\n\n\n\n<div class=\"wp-block-buttons alignfull is-content-justification-center is-layout-flex wp-container-core-buttons-is-layout-16018d1d wp-block-buttons-is-layout-flex\">\n<div class=\"wp-block-button has-custom-width wp-block-button__width-50\"><a class=\"wp-block-button__link has-background wp-element-button\" href=\"https:\/\/stadt-land-ideen.at\/de-DE\/\" style=\"background-color:#7cc3e3\">Hier geht&#8217;s zur Plattform<\/a><\/div>\n<\/div>\n\n\n\n<hr class=\"wp-block-separator has-alpha-channel-opacity\"\/>\n\n\n\n<div class=\"wp-block-cover\"><span aria-hidden=\"true\" class=\"wp-block-cover__background has-nv-light-bg-background-color has-background-dim-100 has-background-dim\"><\/span><div class=\"wp-block-cover__inner-container is-layout-flow wp-block-cover-is-layout-flow\">\n<div style=\"height:80px\" aria-hidden=\"true\" class=\"wp-block-spacer\"><\/div>\n\n\n\n<div class=\"wp-block-columns are-vertically-aligned-center is-layout-flex wp-container-core-columns-is-layout-9d6595d7 wp-block-columns-is-layout-flex\">\n<div class=\"wp-block-column is-vertically-aligned-center is-layout-flow wp-block-column-is-layout-flow\">\n<h2 class=\"wp-block-heading has-neve-text-color-color has-text-color\" id=\"staedte-gemeinden\">F\u00fcr St\u00e4dte, Gemeinden &amp; Regionen<\/h2>\n\n\n\n<p>Sie wollen Ihre B\u00fcrger:innen gezielt in Zukunftsprojekte oder Strategieprozesse einbinden, die Bed\u00fcrfnisse und Ideen der Menschen ber\u00fccksichtigen und Entscheidungen besser nachvollziehbar machen? Egal ob Platzgestaltung, Ortskernst\u00e4rkung, Fahrradstra\u00dfe, \u2026 oder Klimaschutzstrategie. Mit Stadt.Land.Ideen gelingt Beteiligung einfach, zeiteffizient und professionell.&nbsp;<\/p>\n\n\n\n<p>Ihre Vorteile:<\/p>\n\n\n\n<ul class=\"wp-block-list\">\n<li>Sie erzielen eine breitere und inklusivere Beteiligung durch erg\u00e4nzende Online-Angebote, die von den Menschen unabh\u00e4ngig von Zeit und Ort genutzt werden k\u00f6nnen.<\/li>\n\n\n\n<li>Sie erhalten bessere Entscheidungsgrundlagen durch strukturierte R\u00fcckmeldungen und Auswertungen.<\/li>\n\n\n\n<li>Sie erreichen mehr Akzeptanz f\u00fcr Projekte und eine st\u00e4rkere Legitimation Ihrer Entscheidungen, weil B\u00fcrger:innen den Weg von der Idee bis zur Umsetzung nachvollziehen k\u00f6nnen.<\/li>\n\n\n\n<li>Sie st\u00e4rken Vertrauen und demokratische Kultur, weil Menschen sich ernst genommen f\u00fchlen und aktiv mitgestalten k\u00f6nnen.<\/li>\n<\/ul>\n\n\n\n<div style=\"height:40px\" aria-hidden=\"true\" class=\"wp-block-spacer\"><\/div>\n<\/div>\n\n\n\n<div class=\"wp-block-column is-vertically-aligned-center is-layout-flow wp-block-column-is-layout-flow\"><div class=\"wp-block-image\">\n<figure class=\"aligncenter size-full\"><img loading=\"lazy\" decoding=\"async\" width=\"401\" height=\"402\" src=\"https:\/\/stadtlaborgraz.at\/wp-content\/uploads\/2022\/04\/Icons_OIP-StadtLABORSeite_rechts.png\" alt=\"\" class=\"wp-image-1875\" srcset=\"https:\/\/stadtlaborgraz.at\/wp-content\/uploads\/2022\/04\/Icons_OIP-StadtLABORSeite_rechts.png 401w, https:\/\/stadtlaborgraz.at\/wp-content\/uploads\/2022\/04\/Icons_OIP-StadtLABORSeite_rechts-400x400.png 400w, https:\/\/stadtlaborgraz.at\/wp-content\/uploads\/2022\/04\/Icons_OIP-StadtLABORSeite_rechts-200x200.png 200w, https:\/\/stadtlaborgraz.at\/wp-content\/uploads\/2022\/04\/Icons_OIP-StadtLABORSeite_rechts-12x12.png 12w\" sizes=\"auto, (max-width: 401px) 100vw, 401px\" \/><\/figure>\n<\/div><\/div>\n<\/div>\n\n\n\n<div class=\"wp-block-columns are-vertically-aligned-center is-layout-flex wp-container-core-columns-is-layout-9d6595d7 wp-block-columns-is-layout-flex\">\n<div class=\"wp-block-column is-vertically-aligned-center is-layout-flow wp-block-column-is-layout-flow\"><div class=\"wp-block-image\">\n<figure class=\"aligncenter size-full\"><img loading=\"lazy\" decoding=\"async\" width=\"402\" height=\"402\" src=\"https:\/\/stadtlaborgraz.at\/wp-content\/uploads\/2022\/04\/Icons_OIP-StadtLABORSeite_links.png\" alt=\"\" class=\"wp-image-1876\" srcset=\"https:\/\/stadtlaborgraz.at\/wp-content\/uploads\/2022\/04\/Icons_OIP-StadtLABORSeite_links.png 402w, https:\/\/stadtlaborgraz.at\/wp-content\/uploads\/2022\/04\/Icons_OIP-StadtLABORSeite_links-400x400.png 400w, https:\/\/stadtlaborgraz.at\/wp-content\/uploads\/2022\/04\/Icons_OIP-StadtLABORSeite_links-200x200.png 200w, https:\/\/stadtlaborgraz.at\/wp-content\/uploads\/2022\/04\/Icons_OIP-StadtLABORSeite_links-12x12.png 12w\" sizes=\"auto, (max-width: 402px) 100vw, 402px\" \/><\/figure>\n<\/div><\/div>\n\n\n\n<div class=\"wp-block-column is-vertically-aligned-center is-layout-flow wp-block-column-is-layout-flow\">\n<h2 class=\"wp-block-heading has-neve-text-color-color has-text-color\" id=\"ideengeber\">F\u00fcr Bautr\u00e4ger, Liegenschaftseigent\u00fcmer, Projektentwickler und Hausverwaltungen<\/h2>\n\n\n\n<p class=\"has-neve-text-color-color has-text-color\">Sie wollen die Zufriedenheit Ihrer Bewohner:innen und Nutzer:innen steigern und Projekte bedarfsgerecht und konfliktarm entwickeln und umsetzen? Mit Stadt.Land.Ideen k\u00f6nnen Sie strukturiert und gezielt Meinungen, Anliegen und Ideen zu Projektentwicklungen, Sanierungsvorhaben oder starken Nachbarschaften einholen und nutzen.<\/p>\n\n\n\n<p class=\"has-neve-text-color-color has-text-color\"><strong>Ihre Vorteile:<\/strong><\/p>\n\n\n\n<ul class=\"wp-block-list\">\n<li>Sie planen Projekte gezielter, weil Sie wissen, was Mieter:innen und Nutzer:innen wirklich brauchen, und erhalten daf\u00fcr eine solide, datenbasierte Grundlage.<\/li>\n\n\n\n<li>Sie erkennen Bed\u00fcrfnisse und Konfliktpotenziale fr\u00fchzeitig und verf\u00fcgen damit \u00fcber ein laufendes \u201eFr\u00fchwarnsystem\u201c f\u00fcr Unzufriedenheit \u2013 bevor K\u00fcndigungen, Leerst\u00e4nde oder Beschwerden zunehmen.<\/li>\n\n\n\n<li>Sie st\u00e4rken Identifikation und langfristige Bindung, weil Bewohner:innen und betriebliche Nutzer ernst genommen werden und aktiv mitgestalten k\u00f6nnen.<\/li>\n\n\n\n<li>Sie f\u00f6rdern starke Nachbarschaften und ein positives Image Ihrer Liegenschaften, was sich langfristig positiv auf Auslastung und Wert auswirkt.<\/li>\n<\/ul>\n\n\n\n<p>Wir haben Ihr Interesse geweckt?<br>Dann steht Ihnen <a href=\"https:\/\/stadtlaborgraz.at\/barbara-hammerl\/\" data-type=\"page\" data-id=\"900\">Barbara Hammerl<\/a> gerne f\u00fcr Fragen zur Verf\u00fcgung!<\/p>\n<\/div>\n<\/div>\n\n\n\n<div style=\"height:40px\" aria-hidden=\"true\" class=\"wp-block-spacer\"><\/div>\n<\/div><\/div>\n\n\n\n<div class=\"wp-block-cover aligncenter\" style=\"min-height:400px;aspect-ratio:unset;\"><span aria-hidden=\"true\" class=\"wp-block-cover__background has-nv-site-bg-background-color has-background-dim-100 has-background-dim\"><\/span><div class=\"wp-block-cover__inner-container is-layout-flow wp-block-cover-is-layout-flow\">\n<a name=\"anchor_REGISTRY\"><\/a>\n\n\n\n<div style=\"height:3em\" aria-hidden=\"true\" class=\"wp-block-spacer\"><\/div>\n\n\n\n<div class=\"wp-block-group alignwide\"><div class=\"wp-block-group__inner-container is-layout-constrained wp-block-group-is-layout-constrained\">\n<div class=\"wp-block-buttons is-horizontal is-content-justification-center is-nowrap is-layout-flex wp-container-core-buttons-is-layout-fc65f29c wp-block-buttons-is-layout-flex\">\n<div class=\"wp-block-button has-custom-width wp-block-button__width-50 is-style-primary\"><a class=\"wp-block-button__link has-background has-custom-font-size wp-element-button\" href=\"https:\/\/stadt-land-ideen.at\/de-DE\/\" style=\"border-radius:38px;background-color:#7cc3e3;font-size:2.2em\">Hier geht\u2019s zur Registrierung<\/a><\/div>\n<\/div>\n<\/div><\/div>\n\n\n\n<div style=\"height:4em\" aria-hidden=\"true\" class=\"wp-block-spacer\"><\/div>\n\n\n\n<h2 class=\"wp-block-heading has-text-align-center has-neve-text-color-color has-text-color\" id=\"warum-open-innovation\">Warum Open Innovation?<\/h2>\n\n\n\n<p class=\"has-text-align-center has-neve-text-color-color has-text-color\">Open Innovation steht f\u00fcr die \u00d6ffnung von Innovations- und Entwicklungsprozessen. Neue Ideen entstehen, wenn mehr und andere Menschen als gewohnt an der L\u00f6sung von Fragen arbeiten. \u00dcber offene Ideenwettbewerbe k\u00f6nnen sich Menschen kreativ an der Gestaltung ihres Lebensraums beteiligen. Das macht nicht nur Spa\u00df, sondern st\u00e4rkt auch das Vertrauen zwischen Politik und B\u00fcrger:innen.<\/p>\n<\/div><\/div>\n","protected":false},"excerpt":{"rendered":"<p>Stadt.Land.Ideen \u2013 die Open Innovation Plattform des StadtLABORs Stadt.Land.Ideen ist eine integrierte Beteiligungsplattform, mit der Sie Ihre Zielgruppen transparent, effizient und wirkungsvoll einbinden k\u00f6nnen. Stadt.Land.Ideen vereint vielf\u00e4ltige Beteiligungsmethoden auf einer Plattform, arbeitet mit KI-gest\u00fctzten Auswertungs- und Berichtstools und setzt neue Standards f\u00fcr Ihren Beteiligungsprozess!<\/p>\n","protected":false},"author":1,"featured_media":0,"parent":0,"menu_order":0,"comment_status":"closed","ping_status":"closed","template":"","meta":{"neve_meta_sidebar":"","neve_meta_container":"","neve_meta_enable_content_width":"","neve_meta_content_width":0,"neve_meta_title_alignment":"left","neve_meta_author_avatar":"","neve_post_elements_order":"","neve_meta_disable_header":"","neve_meta_disable_footer":"","neve_meta_disable_title":"on","_themeisle_gutenberg_block_has_review":false,"footnotes":""},"class_list":["post-1857","page","type-page","status-publish","hentry"],"_links":{"self":[{"href":"https:\/\/stadtlaborgraz.at\/de\/wp-json\/wp\/v2\/pages\/1857","targetHints":{"allow":["GET"]}}],"collection":[{"href":"https:\/\/stadtlaborgraz.at\/de\/wp-json\/wp\/v2\/pages"}],"about":[{"href":"https:\/\/stadtlaborgraz.at\/de\/wp-json\/wp\/v2\/types\/page"}],"author":[{"embeddable":true,"href":"https:\/\/stadtlaborgraz.at\/de\/wp-json\/wp\/v2\/users\/1"}],"replies":[{"embeddable":true,"href":"https:\/\/stadtlaborgraz.at\/de\/wp-json\/wp\/v2\/comments?post=1857"}],"version-history":[{"count":77,"href":"https:\/\/stadtlaborgraz.at\/de\/wp-json\/wp\/v2\/pages\/1857\/revisions"}],"predecessor-version":[{"id":6302,"href":"https:\/\/stadtlaborgraz.at\/de\/wp-json\/wp\/v2\/pages\/1857\/revisions\/6302"}],"wp:attachment":[{"href":"https:\/\/stadtlaborgraz.at\/de\/wp-json\/wp\/v2\/media?parent=1857"}],"curies":[{"name":"wp","href":"https:\/\/api.w.org\/{rel}","templated":true}]}}