{"id":1781,"date":"2022-04-15T11:11:09","date_gmt":"2022-04-15T09:11:09","guid":{"rendered":"https:\/\/stadtlaborgraz.at\/?page_id=1781"},"modified":"2024-01-23T10:39:14","modified_gmt":"2024-01-23T09:39:14","slug":"isabella-weichselbraun","status":"publish","type":"page","link":"https:\/\/stadtlaborgraz.at\/de\/isabella-weichselbraun\/","title":{"rendered":"PERSON: Isabella Weichselbraun"},"content":{"rendered":"\n<div id=\"wp-block-themeisle-blocks-advanced-columns-63e191e0\" class=\"wp-block-themeisle-blocks-advanced-columns alignwide has-2-columns has-desktop-oneTwo-layout has-tablet-equal-layout has-mobile-equal-layout has-vertical-unset has-default-gap\"><div class=\"wp-block-themeisle-blocks-advanced-columns-overlay\"><\/div><div class=\"innerblocks-wrap\">\n<div id=\"wp-block-themeisle-blocks-advanced-column-a8a1dc81\" class=\"wp-block-themeisle-blocks-advanced-column\"><div class=\"wp-block-image is-resized\">\n<figure class=\"alignright size-full\"><img loading=\"lazy\" decoding=\"async\" width=\"400\" height=\"400\" src=\"https:\/\/stadtlaborgraz.at\/wp-content\/uploads\/2022\/09\/Isabella-Weichselbraun-Icon.png\" alt=\"\" class=\"wp-image-2886\" style=\"object-fit:cover;width:200px;height:200px\" srcset=\"https:\/\/stadtlaborgraz.at\/wp-content\/uploads\/2022\/09\/Isabella-Weichselbraun-Icon.png 400w, https:\/\/stadtlaborgraz.at\/wp-content\/uploads\/2022\/09\/Isabella-Weichselbraun-Icon-200x200.png 200w, https:\/\/stadtlaborgraz.at\/wp-content\/uploads\/2022\/09\/Isabella-Weichselbraun-Icon-12x12.png 12w\" sizes=\"auto, (max-width: 400px) 100vw, 400px\" \/><\/figure>\n<\/div><\/div>\n\n\n\n<div id=\"wp-block-themeisle-blocks-advanced-column-c18f1063\" class=\"wp-block-themeisle-blocks-advanced-column\">\n<h2 class=\"wp-block-heading\">Isabella Weichselbraun<\/h2>\n\n\n\n<p><strong>Stadt- und Regionalentwicklung, Kommunikation, Partnerin<\/strong><\/p>\n\n\n\n<p>Stadt- und Regionalentwicklung &amp; PR<br>Tel.: +43 676 94 36 330<br>Mail: <a href=\"mailto:isabella.weichselbraun@stadtlaborgraz.at\">isabella.weichselbraun@stadtlaborgraz.at<\/a><br><\/p>\n\n\n\n<p>Die Frau mit dem rollendem R bringt ihr Know-How in Geografie, Stadt- und Regionalentwicklung und Beteiligung mit einer gro\u00dfen Portion Energie und Freude ins StadtLABOR ein. Ihr ausgepr\u00e4gtes empathisches Verst\u00e4ndnis f\u00fcr Menschen und deren unterschiedlichsten Sichtweisen l\u00e4sst sie offen bleiben f\u00fcr neue Ideen und bildet den Grundstock f\u00fcr kooperative Entwicklungen.<\/p>\n\n\n\n<p>Sie beh\u00e4lt alles im Blick, geht in die Tiefe und verfolgt ihre Anspr\u00fcche an stimmige Ergebnisse. Humorvoll werden auch Herausforderungen geteilt, ganz nach dem Spruch \u201eKrone richten und weitergehen\u201c. Wohin? Zum Beispiel zu einem feinen Mittagessen oder noch lieber Feierabendgl\u00e4schen. Eine Lebensfrau mit fachlicher Expertise, Mut zur Entwicklung, Sympathie f\u00fcr Kaninchen und Spa\u00df an Social Media.<\/p>\n<\/div>\n<\/div><\/div>\n","protected":false},"excerpt":{"rendered":"","protected":false},"author":1,"featured_media":0,"parent":0,"menu_order":0,"comment_status":"closed","ping_status":"closed","template":"","meta":{"neve_meta_sidebar":"","neve_meta_container":"","neve_meta_enable_content_width":"","neve_meta_content_width":0,"neve_meta_title_alignment":"","neve_meta_author_avatar":"","neve_post_elements_order":"","neve_meta_disable_header":"","neve_meta_disable_footer":"","neve_meta_disable_title":"on","_themeisle_gutenberg_block_has_review":false,"footnotes":""},"class_list":["post-1781","page","type-page","status-publish","hentry"],"_links":{"self":[{"href":"https:\/\/stadtlaborgraz.at\/de\/wp-json\/wp\/v2\/pages\/1781","targetHints":{"allow":["GET"]}}],"collection":[{"href":"https:\/\/stadtlaborgraz.at\/de\/wp-json\/wp\/v2\/pages"}],"about":[{"href":"https:\/\/stadtlaborgraz.at\/de\/wp-json\/wp\/v2\/types\/page"}],"author":[{"embeddable":true,"href":"https:\/\/stadtlaborgraz.at\/de\/wp-json\/wp\/v2\/users\/1"}],"replies":[{"embeddable":true,"href":"https:\/\/stadtlaborgraz.at\/de\/wp-json\/wp\/v2\/comments?post=1781"}],"version-history":[{"count":4,"href":"https:\/\/stadtlaborgraz.at\/de\/wp-json\/wp\/v2\/pages\/1781\/revisions"}],"predecessor-version":[{"id":4232,"href":"https:\/\/stadtlaborgraz.at\/de\/wp-json\/wp\/v2\/pages\/1781\/revisions\/4232"}],"wp:attachment":[{"href":"https:\/\/stadtlaborgraz.at\/de\/wp-json\/wp\/v2\/media?parent=1781"}],"curies":[{"name":"wp","href":"https:\/\/api.w.org\/{rel}","templated":true}]}}