{"id":1772,"date":"2022-04-15T11:07:21","date_gmt":"2022-04-15T09:07:21","guid":{"rendered":"https:\/\/stadtlaborgraz.at\/?page_id=1772"},"modified":"2022-04-15T11:15:13","modified_gmt":"2022-04-15T09:15:13","slug":"franziska-schruth","status":"publish","type":"page","link":"https:\/\/stadtlaborgraz.at\/de\/franziska-schruth\/","title":{"rendered":"PERSON: Franziska Schruth"},"content":{"rendered":"\n<div id=\"wp-block-themeisle-blocks-advanced-columns-63e191e0\" class=\"wp-block-themeisle-blocks-advanced-columns alignwide has-2-columns has-desktop-oneTwo-layout has-tablet-equal-layout has-mobile-equal-layout has-vertical-unset has-default-gap\"><div class=\"wp-block-themeisle-blocks-advanced-columns-overlay\"><\/div><div class=\"innerblocks-wrap\">\n<div id=\"wp-block-themeisle-blocks-advanced-column-a8a1dc81\" class=\"wp-block-themeisle-blocks-advanced-column\"><div class=\"wp-block-image\">\n<figure class=\"alignright size-full is-resized\"><img loading=\"lazy\" decoding=\"async\" width=\"400\" height=\"400\" src=\"https:\/\/stadtlaborgraz.at\/wp-content\/uploads\/2022\/09\/Franziska-Schruth-Icon.png\" alt=\"\" class=\"wp-image-2882\" style=\"width:200px;height:200px\" srcset=\"https:\/\/stadtlaborgraz.at\/wp-content\/uploads\/2022\/09\/Franziska-Schruth-Icon.png 400w, https:\/\/stadtlaborgraz.at\/wp-content\/uploads\/2022\/09\/Franziska-Schruth-Icon-200x200.png 200w, https:\/\/stadtlaborgraz.at\/wp-content\/uploads\/2022\/09\/Franziska-Schruth-Icon-12x12.png 12w\" sizes=\"auto, (max-width: 400px) 100vw, 400px\" \/><\/figure>\n<\/div><\/div>\n\n\n\n<div id=\"wp-block-themeisle-blocks-advanced-column-c18f1063\" class=\"wp-block-themeisle-blocks-advanced-column\">\n<h2 class=\"wp-block-heading\"><strong><strong><strong>Franziska Schruth<\/strong><\/strong><\/strong><\/h2>\n\n\n\n<p><strong>Architektur &amp; Bauwerksbegr\u00fcnung, Partnerin<\/strong><\/p>\n\n\n\n<p>T: <a href=\"tel:+436764068817\">+43 676 406 88 17<\/a><br>E: <a href=\"mailto:franziska.schruth@stadtlaborgraz.at\">franziska.schruth@stadtlaborgraz.at<\/a><\/p>\n\n\n\n<p>Franziska arbeitet gr\u00fcn. Nicht nur, weil sie unsere Pflanzenbeauftragte im B\u00fcro und ihr Lieblingsarbeitsplatz vor der gr\u00fcnen Wand ist. Auch ihr erstes Projekt im StadtLABOR widmete sich dem Thema gr\u00fcne Bauwerke und Infrastruktur. Durch ihre Mitarbeit zum Aufbau der Natur.Werk.Stadt wurde ihr Blick f\u00fcr gr\u00fcne St\u00e4dte besonders gesch\u00e4rft. Urspr\u00fcnglich hat Franziska Architektur studiert, an der TU Graz als Lehrende gearbeitet und war bei der Konzeption und Prozessbegleitung von Ortskernentwicklungen im l\u00e4ndlichen Raum beteiligt.<br>Franziska hat immer ein offenes Ohr und nimmt sich Zeit f\u00fcr uns Kolleg:innen. Auch in stressigen Projektphasen bleibt sie mit einer bewundernswerten Ruhe bei der Sache \u2013 ihre Geduld verdankt sie wohl auch ihrer Rolle als Mama von 4 Kindern.<\/p>\n<\/div>\n<\/div><\/div>\n","protected":false},"excerpt":{"rendered":"","protected":false},"author":1,"featured_media":0,"parent":0,"menu_order":0,"comment_status":"closed","ping_status":"closed","template":"","meta":{"neve_meta_sidebar":"","neve_meta_container":"","neve_meta_enable_content_width":"","neve_meta_content_width":0,"neve_meta_title_alignment":"","neve_meta_author_avatar":"","neve_post_elements_order":"","neve_meta_disable_header":"","neve_meta_disable_footer":"","neve_meta_disable_title":"on","_themeisle_gutenberg_block_has_review":false,"footnotes":""},"class_list":["post-1772","page","type-page","status-publish","hentry"],"_links":{"self":[{"href":"https:\/\/stadtlaborgraz.at\/de\/wp-json\/wp\/v2\/pages\/1772","targetHints":{"allow":["GET"]}}],"collection":[{"href":"https:\/\/stadtlaborgraz.at\/de\/wp-json\/wp\/v2\/pages"}],"about":[{"href":"https:\/\/stadtlaborgraz.at\/de\/wp-json\/wp\/v2\/types\/page"}],"author":[{"embeddable":true,"href":"https:\/\/stadtlaborgraz.at\/de\/wp-json\/wp\/v2\/users\/1"}],"replies":[{"embeddable":true,"href":"https:\/\/stadtlaborgraz.at\/de\/wp-json\/wp\/v2\/comments?post=1772"}],"version-history":[{"count":2,"href":"https:\/\/stadtlaborgraz.at\/de\/wp-json\/wp\/v2\/pages\/1772\/revisions"}],"predecessor-version":[{"id":1774,"href":"https:\/\/stadtlaborgraz.at\/de\/wp-json\/wp\/v2\/pages\/1772\/revisions\/1774"}],"wp:attachment":[{"href":"https:\/\/stadtlaborgraz.at\/de\/wp-json\/wp\/v2\/media?parent=1772"}],"curies":[{"name":"wp","href":"https:\/\/api.w.org\/{rel}","templated":true}]}}