{"id":1766,"date":"2022-04-15T11:04:23","date_gmt":"2022-04-15T09:04:23","guid":{"rendered":"https:\/\/stadtlaborgraz.at\/?page_id=1766"},"modified":"2023-07-19T14:54:44","modified_gmt":"2023-07-19T12:54:44","slug":"stephanie-wohlgemuth","status":"publish","type":"page","link":"https:\/\/stadtlaborgraz.at\/de\/stephanie-wohlgemuth\/","title":{"rendered":"PERSON: Stephanie Wohlgemuth"},"content":{"rendered":"\n<div id=\"wp-block-themeisle-blocks-advanced-columns-63e191e0\" class=\"wp-block-themeisle-blocks-advanced-columns alignwide has-2-columns has-desktop-oneTwo-layout has-tablet-equal-layout has-mobile-equal-layout has-vertical-unset has-default-gap\"><div class=\"wp-block-themeisle-blocks-advanced-columns-overlay\"><\/div><div class=\"innerblocks-wrap\">\n<div id=\"wp-block-themeisle-blocks-advanced-column-a8a1dc81\" class=\"wp-block-themeisle-blocks-advanced-column\"><div class=\"wp-block-image\">\n<figure class=\"alignright size-full is-resized\"><img loading=\"lazy\" decoding=\"async\" src=\"https:\/\/stadtlaborgraz.at\/wp-content\/uploads\/2022\/09\/Stephanie-Wohlgemuth-Icon.png\" alt=\"\" class=\"wp-image-2889\" width=\"200\" height=\"200\" srcset=\"https:\/\/stadtlaborgraz.at\/wp-content\/uploads\/2022\/09\/Stephanie-Wohlgemuth-Icon.png 400w, https:\/\/stadtlaborgraz.at\/wp-content\/uploads\/2022\/09\/Stephanie-Wohlgemuth-Icon-200x200.png 200w, https:\/\/stadtlaborgraz.at\/wp-content\/uploads\/2022\/09\/Stephanie-Wohlgemuth-Icon-12x12.png 12w\" sizes=\"auto, (max-width: 200px) 100vw, 200px\" \/><\/figure>\n<\/div><\/div>\n\n\n\n<div id=\"wp-block-themeisle-blocks-advanced-column-c18f1063\" class=\"wp-block-themeisle-blocks-advanced-column\">\n<h2 class=\"wp-block-heading\"><strong><strong>Stephanie Wohlgemuth<\/strong><\/strong><\/h2>\n\n\n\n<p><strong>Sozialp\u00e4dagogik &amp; Mediation<\/strong><\/p>\n\n\n\n<p>T: <a href=\"phone:+436767614036\">+43 676 761 40 36<\/a><br>E: <a href=\"mailto:stephanie.wohlgemuth@stadtlaborgraz.at\" data-type=\"mailto\" data-id=\"mailto:stephanie.wohlgemuth@stadtlaborgraz.at\">stephanie.wohlgemuth@stadtlaborgraz.at<\/a><\/p>\n\n\n\n<p>Stephanie ist oft am Sprung, gemeinsam mit ihren vollgeschriebenen Notizb\u00fcchern, die Zeugen ihrer vielf\u00e4ltigen Interessen rund um Stadtplanung, soziale Themen und Gesellschaft sind. Bei unseren w\u00f6chentlichen Jours Fixes und dem gemeinsamen Mittagessen profitieren wir von ihrem Wissen und ihren Veranstaltungstipps.<br>Neben der Buchhaltung und der Projektarbeit im StadtLABOR schlie\u00dft Stephanie noch das Studium der Europ\u00e4ischen Ethnologie (mit Zweitfach Soziologie) ab und bildet sich laufend in den verschiedenen Bereichen, z.B. Kommunikation und Konfliktmanagement, weiter.<br>Wissenswertes: Stephanie hat zwei Monate als ehrenamtliche Lehrerin in Brasilien gearbeitet. Seither wei\u00df sie, wie bequem und k\u00fchl es sich in einer \u201erichtigen\u201c H\u00e4ngematte liegt.<\/p>\n<\/div>\n<\/div><\/div>\n","protected":false},"excerpt":{"rendered":"","protected":false},"author":1,"featured_media":0,"parent":0,"menu_order":0,"comment_status":"closed","ping_status":"closed","template":"","meta":{"neve_meta_sidebar":"","neve_meta_container":"","neve_meta_enable_content_width":"","neve_meta_content_width":0,"neve_meta_title_alignment":"","neve_meta_author_avatar":"","neve_post_elements_order":"","neve_meta_disable_header":"","neve_meta_disable_footer":"","neve_meta_disable_title":"on","_themeisle_gutenberg_block_has_review":false,"footnotes":""},"class_list":["post-1766","page","type-page","status-publish","hentry"],"_links":{"self":[{"href":"https:\/\/stadtlaborgraz.at\/de\/wp-json\/wp\/v2\/pages\/1766","targetHints":{"allow":["GET"]}}],"collection":[{"href":"https:\/\/stadtlaborgraz.at\/de\/wp-json\/wp\/v2\/pages"}],"about":[{"href":"https:\/\/stadtlaborgraz.at\/de\/wp-json\/wp\/v2\/types\/page"}],"author":[{"embeddable":true,"href":"https:\/\/stadtlaborgraz.at\/de\/wp-json\/wp\/v2\/users\/1"}],"replies":[{"embeddable":true,"href":"https:\/\/stadtlaborgraz.at\/de\/wp-json\/wp\/v2\/comments?post=1766"}],"version-history":[{"count":3,"href":"https:\/\/stadtlaborgraz.at\/de\/wp-json\/wp\/v2\/pages\/1766\/revisions"}],"predecessor-version":[{"id":3839,"href":"https:\/\/stadtlaborgraz.at\/de\/wp-json\/wp\/v2\/pages\/1766\/revisions\/3839"}],"wp:attachment":[{"href":"https:\/\/stadtlaborgraz.at\/de\/wp-json\/wp\/v2\/media?parent=1766"}],"curies":[{"name":"wp","href":"https:\/\/api.w.org\/{rel}","templated":true}]}}