{"id":1763,"date":"2022-04-15T11:03:23","date_gmt":"2022-04-15T09:03:23","guid":{"rendered":"https:\/\/stadtlaborgraz.at\/?page_id=1763"},"modified":"2022-04-15T11:16:47","modified_gmt":"2022-04-15T09:16:47","slug":"karlheinz-guertl","status":"publish","type":"page","link":"https:\/\/stadtlaborgraz.at\/de\/karlheinz-guertl\/","title":{"rendered":"PERSON: Karlheinz G\u00fcrtl"},"content":{"rendered":"\n<div id=\"wp-block-themeisle-blocks-advanced-columns-e8f760a1\" class=\"wp-block-themeisle-blocks-advanced-columns alignwide has-2-columns has-desktop-oneTwo-layout has-tablet-equal-layout has-mobile-equal-layout has-vertical-unset has-default-gap\"><div class=\"wp-block-themeisle-blocks-advanced-columns-overlay\"><\/div><div class=\"innerblocks-wrap\">\n<div id=\"wp-block-themeisle-blocks-advanced-column-253871a8\" class=\"wp-block-themeisle-blocks-advanced-column\"><div class=\"wp-block-image\">\n<figure class=\"alignright size-full is-resized\"><img loading=\"lazy\" decoding=\"async\" width=\"400\" height=\"400\" src=\"https:\/\/stadtlaborgraz.at\/wp-content\/uploads\/2022\/09\/Karlheinz-Guertl-Icon.png\" alt=\"\" class=\"wp-image-2887\" style=\"width:200px;height:200px\" srcset=\"https:\/\/stadtlaborgraz.at\/wp-content\/uploads\/2022\/09\/Karlheinz-Guertl-Icon.png 400w, https:\/\/stadtlaborgraz.at\/wp-content\/uploads\/2022\/09\/Karlheinz-Guertl-Icon-200x200.png 200w, https:\/\/stadtlaborgraz.at\/wp-content\/uploads\/2022\/09\/Karlheinz-Guertl-Icon-12x12.png 12w\" sizes=\"auto, (max-width: 400px) 100vw, 400px\" \/><\/figure>\n<\/div><\/div>\n\n\n\n<div id=\"wp-block-themeisle-blocks-advanced-column-6520ad59\" class=\"wp-block-themeisle-blocks-advanced-column\">\n<h2 class=\"wp-block-heading\"><strong><strong>Karlheinz G\u00fcrtl<\/strong><\/strong><\/h2>\n\n\n\n<p><strong>Soziale Arbeit &amp; Mediation, Partner<\/strong><\/p>\n\n\n\n<p>T: <a href=\"tel:+436764533600\">+43 676 45 33 600<\/a><br>E: <a href=\"mailto:karlheinz.guertl@stadtlaborgraz.at\">karlheinz.guertl@stadtlaborgraz.at<\/a><\/p>\n\n\n\n<p>Charly ist unser Gute-Laune-Stifter und Gewissen des B\u00fcros. Neben seinem Studium im Bereich Soziale Arbeit mit den Schwerpunkten Sozialmanagement, Erwachsene und alte Menschen, absolvierte er noch eine Ausbildung zum Mediator. Diese Expertise kann er vor allem in den Nachbarschaftsprojekten gut einsetzen und sorgt daf\u00fcr, dass auf die Bed\u00fcrfnisse aller Beteiligten eingegangen wird.<br>Charly hat mehrj\u00e4hrige Erfahrung mit technischen Projekten bei internationalen Sportevents. So h\u00f6rt man auch bei uns im B\u00fcro immer wieder jemanden seinen Namen rufen, wenn der Drucker, das Internet oder der Laptop nicht funktionieren.<br>Wenn wir ihn zu viel mit technischer Hard- und Software nerven, fl\u00fcchtet er und widmet sich seiner gro\u00dfen Leidenschaft: Golf!<\/p>\n<\/div>\n<\/div><\/div>\n","protected":false},"excerpt":{"rendered":"","protected":false},"author":1,"featured_media":0,"parent":0,"menu_order":0,"comment_status":"closed","ping_status":"closed","template":"","meta":{"neve_meta_sidebar":"","neve_meta_container":"","neve_meta_enable_content_width":"","neve_meta_content_width":0,"neve_meta_title_alignment":"","neve_meta_author_avatar":"","neve_post_elements_order":"","neve_meta_disable_header":"","neve_meta_disable_footer":"","neve_meta_disable_title":"on","_themeisle_gutenberg_block_has_review":false,"footnotes":""},"class_list":["post-1763","page","type-page","status-publish","hentry"],"_links":{"self":[{"href":"https:\/\/stadtlaborgraz.at\/de\/wp-json\/wp\/v2\/pages\/1763","targetHints":{"allow":["GET"]}}],"collection":[{"href":"https:\/\/stadtlaborgraz.at\/de\/wp-json\/wp\/v2\/pages"}],"about":[{"href":"https:\/\/stadtlaborgraz.at\/de\/wp-json\/wp\/v2\/types\/page"}],"author":[{"embeddable":true,"href":"https:\/\/stadtlaborgraz.at\/de\/wp-json\/wp\/v2\/users\/1"}],"replies":[{"embeddable":true,"href":"https:\/\/stadtlaborgraz.at\/de\/wp-json\/wp\/v2\/comments?post=1763"}],"version-history":[{"count":2,"href":"https:\/\/stadtlaborgraz.at\/de\/wp-json\/wp\/v2\/pages\/1763\/revisions"}],"predecessor-version":[{"id":1765,"href":"https:\/\/stadtlaborgraz.at\/de\/wp-json\/wp\/v2\/pages\/1763\/revisions\/1765"}],"wp:attachment":[{"href":"https:\/\/stadtlaborgraz.at\/de\/wp-json\/wp\/v2\/media?parent=1763"}],"curies":[{"name":"wp","href":"https:\/\/api.w.org\/{rel}","templated":true}]}}