{"id":1746,"date":"2022-04-15T10:56:16","date_gmt":"2022-04-15T08:56:16","guid":{"rendered":"https:\/\/stadtlaborgraz.at\/?page_id=1746"},"modified":"2022-04-15T11:14:21","modified_gmt":"2022-04-15T09:14:21","slug":"elisabeth-oswald","status":"publish","type":"page","link":"https:\/\/stadtlaborgraz.at\/de\/elisabeth-oswald\/","title":{"rendered":"PERSON: Elisabeth Oswald"},"content":{"rendered":"\n<div id=\"wp-block-themeisle-blocks-advanced-columns-63e191e0\" class=\"wp-block-themeisle-blocks-advanced-columns alignwide has-2-columns has-desktop-oneTwo-layout has-tablet-equal-layout has-mobile-equal-layout has-vertical-unset has-default-gap\"><div class=\"wp-block-themeisle-blocks-advanced-columns-overlay\"><\/div><div class=\"innerblocks-wrap\">\n<div id=\"wp-block-themeisle-blocks-advanced-column-a8a1dc81\" class=\"wp-block-themeisle-blocks-advanced-column\"><div class=\"wp-block-image\">\n<figure class=\"alignright size-full is-resized\"><img loading=\"lazy\" decoding=\"async\" width=\"400\" height=\"400\" src=\"https:\/\/stadtlaborgraz.at\/wp-content\/uploads\/2022\/09\/Elisabeth-Oswald-Icon.png\" alt=\"\" class=\"wp-image-2929\" style=\"width:200px;height:200px\" srcset=\"https:\/\/stadtlaborgraz.at\/wp-content\/uploads\/2022\/09\/Elisabeth-Oswald-Icon.png 400w, https:\/\/stadtlaborgraz.at\/wp-content\/uploads\/2022\/09\/Elisabeth-Oswald-Icon-200x200.png 200w, https:\/\/stadtlaborgraz.at\/wp-content\/uploads\/2022\/09\/Elisabeth-Oswald-Icon-12x12.png 12w\" sizes=\"auto, (max-width: 400px) 100vw, 400px\" \/><\/figure>\n<\/div><\/div>\n\n\n\n<div id=\"wp-block-themeisle-blocks-advanced-column-c18f1063\" class=\"wp-block-themeisle-blocks-advanced-column\">\n<h2 class=\"wp-block-heading\"><strong>Elisabeth Oswald<\/strong><\/h2>\n\n\n\n<p><strong>Architektur &amp; Kokreation, Partnerin<\/strong><\/p>\n\n\n\n<p>T: <a href=\"tel:+436764068818\">+43 676 406 88 18<\/a><br>E: <a href=\"mailto:elisabeth.oswald@stadtlaborgraz.at\">elisabeth.oswald@stadtlaborgraz.at<\/a><\/p>\n\n\n\n<p>Elisabeth ist neben den Gr\u00fcndungsmitglieder:innen am l\u00e4ngsten im StadtLABOR Team. Sie ist kompetent, super vernetzt und hat die wichtigen Themen und Projekte in Architektur und Stadtentwicklung im Blick. Als Architektin kennt sie die Szene in Graz, Wien und \u00fcberhaupt \u00fcberall.<br>Sie sieht schnell Potenziale, h\u00f6rt sich ALLE Ideen und Visionen an, nimmt sie ernst und setzt ihre F\u00e4higkeiten f\u00fcr die Weiterentwicklung Aller ein. <br>Seit 2020 Partnerin, leitet sie die Geschicke des StadtLABORs mit. Und das alles mit einer beneidenswerten Ruhe und offensichtlicher Freude. Elisabeth geh\u00f6rt zu der seltenen Sorte Rebell:innen, die viel erwirken, ohne viel anzuecken &#8211; dank ihres sympathischen und humorvollen Wesens.<\/p>\n<\/div>\n<\/div><\/div>\n","protected":false},"excerpt":{"rendered":"","protected":false},"author":1,"featured_media":0,"parent":0,"menu_order":0,"comment_status":"closed","ping_status":"closed","template":"","meta":{"neve_meta_sidebar":"","neve_meta_container":"","neve_meta_enable_content_width":"","neve_meta_content_width":0,"neve_meta_title_alignment":"","neve_meta_author_avatar":"","neve_post_elements_order":"","neve_meta_disable_header":"off","neve_meta_disable_footer":"","neve_meta_disable_title":"on","_themeisle_gutenberg_block_has_review":false,"footnotes":""},"class_list":["post-1746","page","type-page","status-publish","hentry"],"_links":{"self":[{"href":"https:\/\/stadtlaborgraz.at\/de\/wp-json\/wp\/v2\/pages\/1746","targetHints":{"allow":["GET"]}}],"collection":[{"href":"https:\/\/stadtlaborgraz.at\/de\/wp-json\/wp\/v2\/pages"}],"about":[{"href":"https:\/\/stadtlaborgraz.at\/de\/wp-json\/wp\/v2\/types\/page"}],"author":[{"embeddable":true,"href":"https:\/\/stadtlaborgraz.at\/de\/wp-json\/wp\/v2\/users\/1"}],"replies":[{"embeddable":true,"href":"https:\/\/stadtlaborgraz.at\/de\/wp-json\/wp\/v2\/comments?post=1746"}],"version-history":[{"count":2,"href":"https:\/\/stadtlaborgraz.at\/de\/wp-json\/wp\/v2\/pages\/1746\/revisions"}],"predecessor-version":[{"id":1748,"href":"https:\/\/stadtlaborgraz.at\/de\/wp-json\/wp\/v2\/pages\/1746\/revisions\/1748"}],"wp:attachment":[{"href":"https:\/\/stadtlaborgraz.at\/de\/wp-json\/wp\/v2\/media?parent=1746"}],"curies":[{"name":"wp","href":"https:\/\/api.w.org\/{rel}","templated":true}]}}